{"id":447,"date":"2020-09-12T09:55:53","date_gmt":"2020-09-12T07:55:53","guid":{"rendered":"http:\/\/shop2020.berndhackl.de\/produkt\/import-placeholder-for-1619\/"},"modified":"2026-04-03T19:17:46","modified_gmt":"2026-04-03T17:17:46","slug":"shampoo-sensitiv-fuer-pferde","status":"publish","type":"product","link":"https:\/\/www.berndhackl.de\/shop\/produkt\/shampoo-sensitiv-fuer-pferde\/","title":{"rendered":"Shampoo sensitiv  f\u00fcr Pferde"},"content":{"rendered":"<p><strong>Natural Feed Shampoo sensitiv \u2013 nat\u00fcrlich sanft zur Haut<\/strong><strong>\u00a0<\/strong><\/p>\n<p>Natural Feed Sensitiv Shampoo f\u00fcr empfindliche Pferdehaut reinigt zuverl\u00e4ssig Fell, M\u00e4hne und Schweif Ihres Pferdes ohne starke Schaumbildung. Die Kombination sanft reinigender Substanzen mit Kamillenextrakt &#8211; 500 ml<\/p>\n<ul>\n<li>eignet sich f\u00fcr empfindliche Pferdehaut<\/li>\n<li>reinigt und pflegt in einem<\/li>\n<li>macht Schweif und M\u00e4hne leicht entwirrbar<\/li>\n<li>l\u00e4sst sich leicht aussp\u00fclen<\/li>\n<li>schont die nat\u00fcrliche Hautbarriere<\/li>\n<\/ul>\n<p>Natural Feed Shampoo sensitiv verzichtet auf kosmetische Effekte im Fell. Es erm\u00f6glicht eine hautschonende Haar- und Fellw\u00e4sche und ber\u00fccksichtigt den nat\u00fcrlichen Hautschutz Ihres Pferdes.<\/p>\n<p><strong>INCI Inhaltsstoffe:<\/strong><br \/>\nAqua, MIPA-Laureth Sulfate, Cocamidopropyl Betaine,Soyamide DEA, Ethanol, Aqua, Matricaria Chamomilla, Dimethiconol and Sodium Dodecylbenzenesulphonate, C11-15 Pareth-12, Sodium Benzoate, Potassium Sorbate, CI 19140, CI 16255, Citric Acid<\/p>\n<p><strong>Anwendungsgebiete:<\/strong><\/p>\n<p>F\u00fcr Pferde zur milden W\u00e4sche von Fell, M\u00e4hne und Schweif bei Verunreinigungen und Verschmutzungen oder zur besonderen Sch\u00f6nheitspflege.<\/p>\n<p><strong>Inhaltsmenge:<br \/>\n<\/strong><\/p>\n<p>500 ml<\/p>\n","protected":false},"excerpt":{"rendered":"<p>Natural Feed Shampoo sensitiv \u2013 nat\u00fcrlich sanft zur Haut\u00a0 Natural Feed Sensitiv Shampoo f\u00fcr empfindliche Pferdehaut reinigt zuverl\u00e4ssig Fell, M\u00e4hne und Schweif Ihres Pferdes ohne starke Schaumbildung. Die Kombination sanft reinigender Substanzen mit Kamillenextrakt &#8211; 500 ml eignet sich f\u00fcr empfindliche Pferdehaut reinigt und pflegt in einem macht Schweif und M\u00e4hne leicht entwirrbar l\u00e4sst sich [&hellip;]<\/p>\n","protected":false},"featured_media":492,"template":"","meta":{"_acf_changed":false,"inline_featured_image":false},"product_brand":[],"product_cat":[31,93],"product_tag":[],"class_list":{"0":"post-447","1":"product","2":"type-product","3":"status-publish","4":"has-post-thumbnail","6":"product_cat-pferd","7":"product_cat-pflegeprodukte","9":"first","10":"instock","11":"taxable","12":"shipping-taxable","13":"purchasable","14":"product-type-simple"},"acf":[],"_links":{"self":[{"href":"https:\/\/www.berndhackl.de\/shop\/wp-json\/wp\/v2\/product\/447","targetHints":{"allow":["GET"]}}],"collection":[{"href":"https:\/\/www.berndhackl.de\/shop\/wp-json\/wp\/v2\/product"}],"about":[{"href":"https:\/\/www.berndhackl.de\/shop\/wp-json\/wp\/v2\/types\/product"}],"wp:featuredmedia":[{"embeddable":true,"href":"https:\/\/www.berndhackl.de\/shop\/wp-json\/wp\/v2\/media\/492"}],"wp:attachment":[{"href":"https:\/\/www.berndhackl.de\/shop\/wp-json\/wp\/v2\/media?parent=447"}],"wp:term":[{"taxonomy":"product_brand","embeddable":true,"href":"https:\/\/www.berndhackl.de\/shop\/wp-json\/wp\/v2\/product_brand?post=447"},{"taxonomy":"product_cat","embeddable":true,"href":"https:\/\/www.berndhackl.de\/shop\/wp-json\/wp\/v2\/product_cat?post=447"},{"taxonomy":"product_tag","embeddable":true,"href":"https:\/\/www.berndhackl.de\/shop\/wp-json\/wp\/v2\/product_tag?post=447"}],"curies":[{"name":"wp","href":"https:\/\/api.w.org\/{rel}","templated":true}]}}