{"id":446,"date":"2020-09-12T09:55:53","date_gmt":"2020-09-12T07:55:53","guid":{"rendered":"http:\/\/shop2020.berndhackl.de\/produkt\/import-placeholder-for-1617\/"},"modified":"2026-04-03T19:19:18","modified_gmt":"2026-04-03T17:19:18","slug":"schweif-und-maehnenspray-premium","status":"publish","type":"product","link":"https:\/\/www.berndhackl.de\/shop\/produkt\/schweif-und-maehnenspray-premium\/","title":{"rendered":"Schweif- und M\u00e4hnenspray Premium"},"content":{"rendered":"<p><strong>Natural Feed Schweif- und M\u00e4hnenspray Premium<\/strong><strong>\u00a0<\/strong><\/p>\n<p>Zur intensiven Pflege von Schweif und M\u00e4hne &#8211; 750 ml<\/p>\n<p>Hochwertige Inhaltsstoffe kombiniert mit reinigendem Zitronen\u00f6l in leichter Textur verleihen einen seidigen Glanz auf Fell, Schweif und M\u00e4hne. Natural Feed Schweif- und M\u00e4hnenspray Premium<\/p>\n<ul>\n<li>pflegt trockene und schuppige Haut, M\u00e4hne und Schweif<\/li>\n<li>befreit zuverl\u00e4ssig von Verschmutzungen<\/li>\n<li>sch\u00fctzt vor schneller Neuverschmutzung<\/li>\n<li>l\u00f6st Kn\u00f6tchen und Verklebungen<\/li>\n<li>wirkt schmutz- und staubabweisend<\/li>\n<li>spendet dem Haar und der Haut Feuchtigkeit<\/li>\n<\/ul>\n<p><strong>Ohne sch\u00e4dliche Substanzen<\/strong><strong>\u00a0<\/strong><\/p>\n<p>F\u00fcr Pferde zur Anwendung mit trockener und schuppiger Haut, bei stumpfem Fell, bei Verschmutzungen und Verklebungen des Langhaars sowie zur Vorbeugung von Schmutzanhaftungen. Zur besonderen Sch\u00f6nheitspflege mit langanhaltendem, seidigem Glanz.<\/p>\n<p><strong>Inhaltsmenge:<\/strong><\/p>\n<p>750ml<\/p>\n","protected":false},"excerpt":{"rendered":"<p>Natural Feed Schweif- und M\u00e4hnenspray Premium\u00a0 Zur intensiven Pflege von Schweif und M\u00e4hne &#8211; 750 ml Hochwertige Inhaltsstoffe kombiniert mit reinigendem Zitronen\u00f6l in leichter Textur verleihen einen seidigen Glanz auf Fell, Schweif und M\u00e4hne. Natural Feed Schweif- und M\u00e4hnenspray Premium pflegt trockene und schuppige Haut, M\u00e4hne und Schweif befreit zuverl\u00e4ssig von Verschmutzungen sch\u00fctzt vor schneller [&hellip;]<\/p>\n","protected":false},"featured_media":491,"template":"","meta":{"_acf_changed":false,"inline_featured_image":false},"product_brand":[],"product_cat":[31,93],"product_tag":[],"class_list":{"0":"post-446","1":"product","2":"type-product","3":"status-publish","4":"has-post-thumbnail","6":"product_cat-pferd","7":"product_cat-pflegeprodukte","9":"first","10":"instock","11":"taxable","12":"shipping-taxable","13":"purchasable","14":"product-type-simple"},"acf":[],"_links":{"self":[{"href":"https:\/\/www.berndhackl.de\/shop\/wp-json\/wp\/v2\/product\/446","targetHints":{"allow":["GET"]}}],"collection":[{"href":"https:\/\/www.berndhackl.de\/shop\/wp-json\/wp\/v2\/product"}],"about":[{"href":"https:\/\/www.berndhackl.de\/shop\/wp-json\/wp\/v2\/types\/product"}],"wp:featuredmedia":[{"embeddable":true,"href":"https:\/\/www.berndhackl.de\/shop\/wp-json\/wp\/v2\/media\/491"}],"wp:attachment":[{"href":"https:\/\/www.berndhackl.de\/shop\/wp-json\/wp\/v2\/media?parent=446"}],"wp:term":[{"taxonomy":"product_brand","embeddable":true,"href":"https:\/\/www.berndhackl.de\/shop\/wp-json\/wp\/v2\/product_brand?post=446"},{"taxonomy":"product_cat","embeddable":true,"href":"https:\/\/www.berndhackl.de\/shop\/wp-json\/wp\/v2\/product_cat?post=446"},{"taxonomy":"product_tag","embeddable":true,"href":"https:\/\/www.berndhackl.de\/shop\/wp-json\/wp\/v2\/product_tag?post=446"}],"curies":[{"name":"wp","href":"https:\/\/api.w.org\/{rel}","templated":true}]}}