{"id":444,"date":"2020-09-12T09:55:52","date_gmt":"2020-09-12T07:55:52","guid":{"rendered":"http:\/\/shop2020.berndhackl.de\/produkt\/import-placeholder-for-1613\/"},"modified":"2026-03-23T10:31:38","modified_gmt":"2026-03-23T09:31:38","slug":"tonerdepaste-fuer-pferde","status":"publish","type":"product","link":"https:\/\/www.berndhackl.de\/shop\/produkt\/tonerdepaste-fuer-pferde\/","title":{"rendered":"Tonerdepaste f\u00fcr Pferde"},"content":{"rendered":"<p><strong>Natural Feed Tonerdepaste f\u00fcr Pferde \u2013 Cooldown f\u00fcr Sehnen und B\u00e4nder<\/strong><strong>\u00a0<\/strong><\/p>\n<p>Pflegende und k\u00fchlende Paste f\u00fcr Pferde zur Unterst\u00fctzung von Gelenken, Sehnen und B\u00e4ndern. &#8211; 1 Kg<\/p>\n<p>Wei\u00dfe Tonerde in Verbindung mit Pfefferminz\u00f6l bringt Ihrem Pferd mit nat\u00fcrlichen Bestandteilen Linderung und<\/p>\n<ul>\n<li>normalisiert die Fl\u00fcssigkeitsverteilung im Gewebe<\/li>\n<li>bewirkt eine wohltuende K\u00fchlung der Beine<\/li>\n<li>erfrischt nach starker Beanspruchung des Bewegungsapparates<\/li>\n<\/ul>\n<p>Natural Feed Tonerdepaste unterst\u00fctzt den Erholungseffekt Ihres Pferdes nach besonderen Belastungen.<\/p>\n<p><strong>Inhaltsstoffe:<\/strong><br \/>\nBolus alba, Pfefferminz\u00f6l, Wasser<\/p>\n<p><strong>Anwendungsgebiete:<\/strong><\/p>\n<p>F\u00fcr Pferde zur K\u00fchlung und wohltuenden Pflege von Sehen, B\u00e4ndern und Gelenken.<\/p>\n<p><strong>Inhaltsmenge:<\/strong><\/p>\n<p>1 Kg<\/p>\n","protected":false},"excerpt":{"rendered":"<p>Natural Feed Tonerdepaste f\u00fcr Pferde \u2013 Cooldown f\u00fcr Sehnen und B\u00e4nder\u00a0 Pflegende und k\u00fchlende Paste f\u00fcr Pferde zur Unterst\u00fctzung von Gelenken, Sehnen und B\u00e4ndern. &#8211; 1 Kg Wei\u00dfe Tonerde in Verbindung mit Pfefferminz\u00f6l bringt Ihrem Pferd mit nat\u00fcrlichen Bestandteilen Linderung und normalisiert die Fl\u00fcssigkeitsverteilung im Gewebe bewirkt eine wohltuende K\u00fchlung der Beine erfrischt nach starker [&hellip;]<\/p>\n","protected":false},"featured_media":489,"template":"","meta":{"_acf_changed":false,"inline_featured_image":false},"product_brand":[],"product_cat":[31,93],"product_tag":[],"class_list":{"0":"post-444","1":"product","2":"type-product","3":"status-publish","4":"has-post-thumbnail","6":"product_cat-pferd","7":"product_cat-pflegeprodukte","9":"first","10":"instock","11":"taxable","12":"shipping-taxable","13":"purchasable","14":"product-type-simple"},"acf":[],"_links":{"self":[{"href":"https:\/\/www.berndhackl.de\/shop\/wp-json\/wp\/v2\/product\/444","targetHints":{"allow":["GET"]}}],"collection":[{"href":"https:\/\/www.berndhackl.de\/shop\/wp-json\/wp\/v2\/product"}],"about":[{"href":"https:\/\/www.berndhackl.de\/shop\/wp-json\/wp\/v2\/types\/product"}],"wp:featuredmedia":[{"embeddable":true,"href":"https:\/\/www.berndhackl.de\/shop\/wp-json\/wp\/v2\/media\/489"}],"wp:attachment":[{"href":"https:\/\/www.berndhackl.de\/shop\/wp-json\/wp\/v2\/media?parent=444"}],"wp:term":[{"taxonomy":"product_brand","embeddable":true,"href":"https:\/\/www.berndhackl.de\/shop\/wp-json\/wp\/v2\/product_brand?post=444"},{"taxonomy":"product_cat","embeddable":true,"href":"https:\/\/www.berndhackl.de\/shop\/wp-json\/wp\/v2\/product_cat?post=444"},{"taxonomy":"product_tag","embeddable":true,"href":"https:\/\/www.berndhackl.de\/shop\/wp-json\/wp\/v2\/product_tag?post=444"}],"curies":[{"name":"wp","href":"https:\/\/api.w.org\/{rel}","templated":true}]}}