{"id":431,"date":"2020-09-12T09:55:29","date_gmt":"2020-09-12T07:55:29","guid":{"rendered":"http:\/\/shop2020.berndhackl.de\/produkt\/import-placeholder-for-1604\/"},"modified":"2025-07-14T19:33:10","modified_gmt":"2025-07-14T17:33:10","slug":"hufbalsam-fuer-pferde","status":"publish","type":"product","link":"https:\/\/www.berndhackl.de\/shop\/produkt\/hufbalsam-fuer-pferde\/","title":{"rendered":"Hufbalsam f\u00fcr Pferde"},"content":{"rendered":"<p><strong>Natural Feed Hufbalsam f\u00fcr Pferde \u2013 pflegt und st\u00e4rkt den Huf<\/strong><strong>\u00a0<\/strong><\/p>\n<p>Natural Feed Hufbalsam unterst\u00fctzt ein gesundes Hufwachstum und verbessert die Hornqualit\u00e4t. Nat\u00fcrliche \u00e4therische \u00d6le wie Teebaum- und Lorbeer\u00f6l sind in einer pflegenden Textur verarbeitet und entfalten ihre Wirkung am besten bei regelm\u00e4\u00dfiger Anwendung.<\/p>\n<p>Natural Feed Hufbalsam &#8211; 500ml<\/p>\n<ul>\n<li>steigert die Elastizit\u00e4t von Strahl, Kronrad und Huf<\/li>\n<li>f\u00f6rdert das Hornwachstum<\/li>\n<li>erh\u00f6ht die Hornqualit\u00e4t<\/li>\n<li>zieht schnell ein<\/li>\n<\/ul>\n<p>Einfach in der Anwendung pflegt und sch\u00fctzt dieser Balsam den gesamten Huf Ihres Pferdes.<\/p>\n<p><strong>INCI Inhaltsstoffe:<\/strong><br \/>\nPetrolatum, Parafinum Liquidum, Linum Usitatissimum Oil, Gaultheria procumbens, Laurus Nobilis, Thuja orientalis, Melaleuca Alternifolia, Chlorophyll<\/p>\n<p><strong>Anwendungsgebiete:<\/strong><\/p>\n<p>F\u00fcr Pferde zur Pflege und zum Schutz trockener, spr\u00f6der oder rissiger Hufe. Eine regelm\u00e4\u00dfige Anwendung verbessert das Ergebnis.<\/p>\n<p><strong>Inhaltsmenge:<\/strong><\/p>\n<p>500 ml<\/p>\n","protected":false},"excerpt":{"rendered":"<p>Natural Feed Hufbalsam f\u00fcr Pferde \u2013 pflegt und st\u00e4rkt den Huf\u00a0 Natural Feed Hufbalsam unterst\u00fctzt ein gesundes Hufwachstum und verbessert die Hornqualit\u00e4t. Nat\u00fcrliche \u00e4therische \u00d6le wie Teebaum- und Lorbeer\u00f6l sind in einer pflegenden Textur verarbeitet und entfalten ihre Wirkung am besten bei regelm\u00e4\u00dfiger Anwendung. Natural Feed Hufbalsam &#8211; 500ml steigert die Elastizit\u00e4t von Strahl, Kronrad [&hellip;]<\/p>\n","protected":false},"featured_media":485,"template":"","meta":{"_acf_changed":false,"inline_featured_image":false},"product_brand":[],"product_cat":[31,93],"product_tag":[],"class_list":{"0":"post-431","1":"product","2":"type-product","3":"status-publish","4":"has-post-thumbnail","6":"product_cat-pferd","7":"product_cat-pflegeprodukte","9":"first","10":"outofstock","11":"taxable","12":"shipping-taxable","13":"purchasable","14":"product-type-simple"},"acf":[],"_links":{"self":[{"href":"https:\/\/www.berndhackl.de\/shop\/wp-json\/wp\/v2\/product\/431","targetHints":{"allow":["GET"]}}],"collection":[{"href":"https:\/\/www.berndhackl.de\/shop\/wp-json\/wp\/v2\/product"}],"about":[{"href":"https:\/\/www.berndhackl.de\/shop\/wp-json\/wp\/v2\/types\/product"}],"wp:featuredmedia":[{"embeddable":true,"href":"https:\/\/www.berndhackl.de\/shop\/wp-json\/wp\/v2\/media\/485"}],"wp:attachment":[{"href":"https:\/\/www.berndhackl.de\/shop\/wp-json\/wp\/v2\/media?parent=431"}],"wp:term":[{"taxonomy":"product_brand","embeddable":true,"href":"https:\/\/www.berndhackl.de\/shop\/wp-json\/wp\/v2\/product_brand?post=431"},{"taxonomy":"product_cat","embeddable":true,"href":"https:\/\/www.berndhackl.de\/shop\/wp-json\/wp\/v2\/product_cat?post=431"},{"taxonomy":"product_tag","embeddable":true,"href":"https:\/\/www.berndhackl.de\/shop\/wp-json\/wp\/v2\/product_tag?post=431"}],"curies":[{"name":"wp","href":"https:\/\/api.w.org\/{rel}","templated":true}]}}