{"id":4089,"date":"2021-02-16T21:19:55","date_gmt":"2021-02-16T20:19:55","guid":{"rendered":"https:\/\/www.berndhackl.de\/shop\/?post_type=product&#038;p=4089"},"modified":"2021-03-04T07:16:24","modified_gmt":"2021-03-04T06:16:24","slug":"dressurfit-mitgliedschaft","status":"publish","type":"product","link":"https:\/\/www.berndhackl.de\/shop\/produkt\/dressurfit-mitgliedschaft\/","title":{"rendered":"DressurFit\u00ae Mitgliedschaft"},"content":{"rendered":"<h4>Werde der Reiter, den sich dein Pferd w\u00fcnscht.<\/h4>\n<p>Der Beruf Pferdetrainer verlangt meinem K\u00f6rper einiges ab. Im Laufe der Jahre hat sich das ein oder andere Wehwehchen eingeschlichen. Um trotzdem fit, beweglich und balanciert zu sein, habe ich <strong>DressurFit\u00ae<\/strong> f\u00fcr mich entdeckt.<\/p>\n<p>Mit nur wenigen Minuten am Tag arbeite ich an meiner Balance, K\u00f6rperspannung, Koordination und nicht zuletzt an meiner Beweglichkeit. Meine dadurch verbesserte K\u00f6rperwahrnehmung hilft effektiv und fein auf mein Pferd einzuwirken. <strong>DressurFit\u00ae<\/strong> ist mein Tipp f\u00fcr ein ausgewogenes Fitness Training, nicht nur f\u00fcr Dressurreiter!<\/p>\n<p><strong>DressurFit\u00ae ist das 12-Wochen Programm speziell f\u00fcr Reiter mit individuellem Fitnesstest.\u00a0<\/strong><\/p>\n<p><strong>Du bekommst dein pers\u00f6nliches DressurFit\u00ae Profil und trainierst gemeinsam mit Jessica, Benjamin und Sportwissenschaftler Marcel Andr\u00e4.<\/strong><\/p>\n<p>Die DressurFit\u00ae Mitgliedschaft beginnt mit dem 12-Wochen-Programm. Du bekommst aufeinander aufbauende Workouts, Fitness-Tests und Homework, um deine Reiterfitness ganz gezielt aufzubauen. Die Homework sind kurze Korrektur\u00fcbungen, die auf deine pers\u00f6nlichen Testergebnisse zugeschnitten sind, um individuelle Seitenunterschiede und muskul\u00e4re Dysbalancen auszugleichen.<\/p>\n<div class=\"descSmall\">\n<h6>6 Monate Zugang<\/h6>\n<p>Urlaub, Krankheit, Arbeit \u2013 es kann ja immer mal etwas dazwischen kommen. Deshalb bekommst du ganze 6 Monate Zugang zu dem 12-Wochen-Programm. Au\u00dferdem erh\u00e4ltst du nach den ersten 3 Monate vollen Zugang zum kompletten DressurFit\u00ae \u00dcbungspool mit vielen weiteren Workout und Yoga-Einheiten und kannst dir deinen Trainingsplan so zusammenstellen, wie er f\u00fcr dich und dein Leben am besten passt.<\/p>\n<h6>DressurFit\u00ae Club-Mitgliedschaft<\/h6>\n<p>Damit noch nicht genug \u2013 im Anschluss an die 6 Monate geh\u00f6rst du automatisch zum exklusiven DressurFit\u00ae-Club und hast f\u00fcr nur 12\u20ac im Monat vollen Zugang zu allen Trainingsinhalten. Als Club-Mitglied kannst du eine komplett neue Aufbau-Testreihe starten, bekommst neue pers\u00f6nliche Homework und regelm\u00e4\u00dfig neue Videos und Trainingsinhalte im \u00dcbungspool.<\/p>\n<h6>K\u00fcndigung &amp; Laufzeit<\/h6>\n<p>Mit der Einmalzahlung von 180\u20ac f\u00fcr das 12-Wochen-Programm erh\u00e4ltst du volle 6 Monate Zugang. Danach wirst du automatisch Club-Mitglied f\u00fcr 12\u20ac im Monat. Deine Club-Mitgliedschaft kannst du ganz einfach jederzeit online k\u00fcndigen.<\/p>\n<\/div>\n<div style=\"text-align: center; margin-top: 20px;\"><a id=\"extDressurfit\" class=\"single_add_to_cart_button button alt\" href=\"https:\/\/www.aubenhausen-club.de\/shop\/dressurfit\/mitgliedschaften\/dressurfit-mitgliedschaft\/?utm_source=hackl&amp;utm_medium=website&amp;utm_campaign=hackl\" target=\"_blank\" rel=\"noopener\">Klicke hier und werde der Reiter, den sich dein Pferd w\u00fcnscht!<\/a><\/div>\n","protected":false},"excerpt":{"rendered":"<p>Werde der Reiter, den sich dein Pferd w\u00fcnscht. Der Beruf Pferdetrainer verlangt meinem K\u00f6rper einiges ab. Im Laufe der Jahre hat sich das ein oder andere Wehwehchen eingeschlichen. Um trotzdem fit, beweglich und balanciert zu sein, habe ich DressurFit\u00ae f\u00fcr mich entdeckt. Mit nur wenigen Minuten am Tag arbeite ich an meiner Balance, K\u00f6rperspannung, Koordination [&hellip;]<\/p>\n","protected":false},"featured_media":4093,"template":"","meta":{"_acf_changed":false,"inline_featured_image":false},"product_brand":[],"product_cat":[34],"product_tag":[],"class_list":{"0":"post-4089","1":"product","2":"type-product","3":"status-publish","4":"has-post-thumbnail","6":"product_cat-reiter","8":"first","9":"instock","10":"virtual","11":"product-type-simple"},"acf":[],"_links":{"self":[{"href":"https:\/\/www.berndhackl.de\/shop\/wp-json\/wp\/v2\/product\/4089","targetHints":{"allow":["GET"]}}],"collection":[{"href":"https:\/\/www.berndhackl.de\/shop\/wp-json\/wp\/v2\/product"}],"about":[{"href":"https:\/\/www.berndhackl.de\/shop\/wp-json\/wp\/v2\/types\/product"}],"wp:featuredmedia":[{"embeddable":true,"href":"https:\/\/www.berndhackl.de\/shop\/wp-json\/wp\/v2\/media\/4093"}],"wp:attachment":[{"href":"https:\/\/www.berndhackl.de\/shop\/wp-json\/wp\/v2\/media?parent=4089"}],"wp:term":[{"taxonomy":"product_brand","embeddable":true,"href":"https:\/\/www.berndhackl.de\/shop\/wp-json\/wp\/v2\/product_brand?post=4089"},{"taxonomy":"product_cat","embeddable":true,"href":"https:\/\/www.berndhackl.de\/shop\/wp-json\/wp\/v2\/product_cat?post=4089"},{"taxonomy":"product_tag","embeddable":true,"href":"https:\/\/www.berndhackl.de\/shop\/wp-json\/wp\/v2\/product_tag?post=4089"}],"curies":[{"name":"wp","href":"https:\/\/api.w.org\/{rel}","templated":true}]}}