{"id":398,"date":"2020-09-12T09:54:18","date_gmt":"2020-09-12T07:54:18","guid":{"rendered":"http:\/\/shop2020.berndhackl.de\/produkt\/import-placeholder-for-996\/"},"modified":"2026-04-16T21:17:00","modified_gmt":"2026-04-16T19:17:00","slug":"westerngurt-von-medi-cheval","status":"publish","type":"product","link":"https:\/\/www.berndhackl.de\/shop\/produkt\/westerngurt-von-medi-cheval\/","title":{"rendered":"Westerngurt von Medi-Cheval"},"content":{"rendered":"<div class=\"Description SmallTopPadding\">\n<p><b>Bei uns bekommt ihr das neuestes Modell mit schwarzem HighTec Flor <\/b>f\u00fcr optimale Polsterung<\/p>\n<\/div>\n<p><strong>Sattelgurt \u2013 f\u00fcr Westerns\u00e4ttel<\/strong><\/p>\n<ul>\n<li><strong>nachhaltig<\/strong> gefertigt in Deutschland<\/li>\n<li><strong>Druckentlastung<\/strong> f\u00fcr dein Pferd<\/li>\n<li><strong>schnelltrocknend<\/strong><\/li>\n<li>in<strong> verschiedenen L\u00e4ngen<\/strong><\/li>\n<li>formt sich <strong>anatomisch<\/strong><\/li>\n<li>Westerngurt <strong>passt<\/strong> sich beim Reiten der <strong>Anatomie<\/strong> des <strong>Pferdes<\/strong> <strong>an<\/strong><\/li>\n<li>orthop\u00e4discher <strong>Deliema<\/strong> <strong>Hohlfaserflor<\/strong>:\n<ul>\n<li>sehr <strong>weich<\/strong> und <strong>anschmiegsam<\/strong> wie Lammfell<\/li>\n<li><strong>atmungsaktiv -kein Hitzestau<br \/>\n<\/strong><\/li>\n<li><strong>allergiearm<\/strong><\/li>\n<li><strong>pflegeleicht<\/strong><\/li>\n<li><strong>maschinenwaschbar<\/strong><\/li>\n<\/ul>\n<\/li>\n<li><strong>strapazierf\u00e4hig<\/strong>, <strong>rei\u00dffest<\/strong> und extrem <strong>langlebig<\/strong><\/li>\n<li><strong>komplett<\/strong> und <strong>optimal<\/strong> <strong>gepolstert<\/strong> mit <strong>bester<\/strong> <strong>Druckverteilung<\/strong><\/li>\n<\/ul>\n<p>&nbsp;<\/p>\n<p>Gr\u00f6\u00dfen: 24 Zoll \/60 cm; 26 Zoll \/ 65 cm; 28 Zoll\/ 70 cm; 30 Zoll\/ 75 cm; 32 Zoll\/ 80 cm; 34 Zoll\/ 85 cm<\/p>\n<p>weitere Gr\u00f6\u00dfen auf Anfrage<\/p>\n<p>&nbsp;<\/p>\n<p><strong>Pflegeanleitung Medi-Cheval\u00ae Sattelgurt<\/strong><\/p>\n<p>Ein Sattelgurt von Medi-Cheval\u00ae aus orthop\u00e4dischem Hohlfaserflor ist <strong>waschbar<\/strong> und <strong>pflegeleicht<\/strong>:<\/p>\n<ul>\n<li>leicht zu <strong>reinigen<\/strong>: einfach mit einem Gartenschlauch\u00a0abspritzen<\/li>\n<li><strong>Haare <\/strong>k\u00f6nnen m\u00fchelos mit der\u00a0Hand heraus gerieben werden.<\/li>\n<li><strong>maschinenwaschbar<\/strong> bis <strong>30\u00b0C<\/strong><\/li>\n<li>sehr <strong>schnell<\/strong> <strong>trocknend<\/strong><\/li>\n<li>nur mit Neutralwaschmittel waschen<\/li>\n<\/ul>\n","protected":false},"excerpt":{"rendered":"<p>Bei uns bekommt ihr das neuestes Modell mit schwarzem HighTec Flor f\u00fcr optimale Polsterung Sattelgurt \u2013 f\u00fcr Westerns\u00e4ttel nachhaltig gefertigt in Deutschland Druckentlastung f\u00fcr dein Pferd schnelltrocknend in verschiedenen L\u00e4ngen formt sich anatomisch Westerngurt passt sich beim Reiten der Anatomie des Pferdes an orthop\u00e4discher Deliema Hohlfaserflor: sehr weich und anschmiegsam wie Lammfell atmungsaktiv -kein Hitzestau [&hellip;]<\/p>\n","protected":false},"featured_media":484,"template":"","meta":{"_acf_changed":false,"inline_featured_image":false},"product_brand":[],"product_cat":[31,66,195],"product_tag":[],"class_list":{"0":"post-398","1":"product","2":"type-product","3":"status-publish","4":"has-post-thumbnail","6":"product_cat-pferd","7":"product_cat-sattelzubehoer","8":"product_cat-sattelgurte","10":"first","11":"instock","12":"taxable","13":"shipping-taxable","14":"purchasable","15":"product-type-variable"},"acf":[],"_links":{"self":[{"href":"https:\/\/www.berndhackl.de\/shop\/wp-json\/wp\/v2\/product\/398","targetHints":{"allow":["GET"]}}],"collection":[{"href":"https:\/\/www.berndhackl.de\/shop\/wp-json\/wp\/v2\/product"}],"about":[{"href":"https:\/\/www.berndhackl.de\/shop\/wp-json\/wp\/v2\/types\/product"}],"wp:featuredmedia":[{"embeddable":true,"href":"https:\/\/www.berndhackl.de\/shop\/wp-json\/wp\/v2\/media\/484"}],"wp:attachment":[{"href":"https:\/\/www.berndhackl.de\/shop\/wp-json\/wp\/v2\/media?parent=398"}],"wp:term":[{"taxonomy":"product_brand","embeddable":true,"href":"https:\/\/www.berndhackl.de\/shop\/wp-json\/wp\/v2\/product_brand?post=398"},{"taxonomy":"product_cat","embeddable":true,"href":"https:\/\/www.berndhackl.de\/shop\/wp-json\/wp\/v2\/product_cat?post=398"},{"taxonomy":"product_tag","embeddable":true,"href":"https:\/\/www.berndhackl.de\/shop\/wp-json\/wp\/v2\/product_tag?post=398"}],"curies":[{"name":"wp","href":"https:\/\/api.w.org\/{rel}","templated":true}]}}