{"id":36970,"date":"2025-11-26T21:16:59","date_gmt":"2025-11-26T20:16:59","guid":{"rendered":"https:\/\/www.berndhackl.de\/shop\/?post_type=product&#038;p=36970"},"modified":"2026-04-20T16:32:34","modified_gmt":"2026-04-20T14:32:34","slug":"bernd-hackl-und-kerstin-rester-buch-probleme-sind-loesbar","status":"publish","type":"product","link":"https:\/\/www.berndhackl.de\/shop\/produkt\/bernd-hackl-und-kerstin-rester-buch-probleme-sind-loesbar\/","title":{"rendered":"Bernd Hackl und Kerstin Rester: Buch \u201eProbleme sind l\u00f6sbar&#8220;"},"content":{"rendered":"<p><strong>Titel: Probleme sind l\u00f6sbar<\/strong><\/p>\n<p><strong>Pers\u00f6nliche Widmung nur bei uns im Online-Shop m\u00f6glich!<\/strong><\/p>\n<p>Bei der Bestellung k\u00f6nnt ihr im Kommentarfeld angeben, f\u00fcr wen Bernd und Kerstin das Buch pers\u00f6nlich signieren sollen.<\/p>\n<p><strong>Autoren: Bernd Hackl + Kerstin Rester<\/strong><\/p>\n<p><strong>Erscheinungstag <\/strong>19.01.2026<\/p>\n<p>Jedes Pferd ist anders &#8211; wie jeder Reiter auch. Die meisten Pferde haben &#8222;Eigenarten&#8220;, die man noch nicht als Verhaltensauff\u00e4lligkeit einordnen w\u00fcrde, die aber nerven und die die gemeinsame Zeit vermiesen. Dabei sind viele Probleme recht leicht zu l\u00f6sen, wenn man wei\u00df, wie. Anhand von realen Problemf\u00e4llen zeigen Bernd Hackl und Kerstin Rester, welche Ursachen zu auff\u00e4lligem Verhalten f\u00fchren und wie diese behoben werden k\u00f6nnen. Auch bei hartn\u00e4ckigen F\u00e4llen haben die Profis Ideen, die zu einer deutlichen Verbesserung im Miteinander f\u00fchren &#8211; gepr\u00e4gt von Einf\u00fchlungsverm\u00f6gen und Konsequenz, wo es n\u00f6tig ist.<\/p>\n<p><strong>EAN \/ ISBN\u00a0978-3-440-17751-8<\/strong><\/p>\n<p><strong>Seiten: 144<br \/>\n<\/strong><strong>Abmessung (LxBxH) <\/strong>240 x 170 mm<\/p>\n<p><strong>Produktart Paperback Klappenbroschur<\/strong><\/p>\n<p><strong>Fotos: 176 + 3 Grafiken<\/strong><\/p>\n<p><strong>Bernd Hackl<\/strong> ist ein erfahrener Pferdetrainer. \u00dcber 500 Pferde wurden von ihm ausgebildet oder korrigiert.<br \/>\nHier zeigt er reitweisen-unabh\u00e4ngig die Grundausbildung junger Pferde von der ersten Kontaktaufnahme bis zum Anreiten.<br \/>\nSeine erfolgreichen, hundertfach erprobte Methode basiert darauf, durch die richtige Basisausbildung von Anfang an sp\u00e4teren Problemen vorzubeugen.<\/p>\n<p><b>Kerstin Rester <\/b>ist Trainerin auf der 7P-Ranch und fester Bestandteil im Trainerteam bei der Ausbildung der Pferde. Bekannt geworden ist sie durch ihre Auftritte an der Seite von Bernd Hackl in der Vox-Sendung \u201eDie Pferdeprofis\u201c.<\/p>\n<p>&nbsp;<\/p>\n<p>&nbsp;<\/p>\n<p>&nbsp;<\/p>\n","protected":false},"excerpt":{"rendered":"<p>Titel: Probleme sind l\u00f6sbar Pers\u00f6nliche Widmung nur bei uns im Online-Shop m\u00f6glich! Bei der Bestellung k\u00f6nnt ihr im Kommentarfeld angeben, f\u00fcr wen Bernd und Kerstin das Buch pers\u00f6nlich signieren sollen. Autoren: Bernd Hackl + Kerstin Rester Erscheinungstag 19.01.2026 Jedes Pferd ist anders &#8211; wie jeder Reiter auch. Die meisten Pferde haben &#8222;Eigenarten&#8220;, die man noch [&hellip;]<\/p>\n","protected":false},"featured_media":36971,"template":"","meta":{"_acf_changed":false,"inline_featured_image":false},"product_brand":[],"product_cat":[39,56,60],"product_tag":[],"class_list":{"0":"post-36970","1":"product","2":"type-product","3":"status-publish","4":"has-post-thumbnail","6":"product_cat-buecher","7":"product_cat-beststeller","8":"product_cat-bernds-buecher","10":"first","11":"instock","12":"taxable","13":"shipping-taxable","14":"purchasable","15":"product-type-simple"},"acf":[],"_links":{"self":[{"href":"https:\/\/www.berndhackl.de\/shop\/wp-json\/wp\/v2\/product\/36970","targetHints":{"allow":["GET"]}}],"collection":[{"href":"https:\/\/www.berndhackl.de\/shop\/wp-json\/wp\/v2\/product"}],"about":[{"href":"https:\/\/www.berndhackl.de\/shop\/wp-json\/wp\/v2\/types\/product"}],"wp:featuredmedia":[{"embeddable":true,"href":"https:\/\/www.berndhackl.de\/shop\/wp-json\/wp\/v2\/media\/36971"}],"wp:attachment":[{"href":"https:\/\/www.berndhackl.de\/shop\/wp-json\/wp\/v2\/media?parent=36970"}],"wp:term":[{"taxonomy":"product_brand","embeddable":true,"href":"https:\/\/www.berndhackl.de\/shop\/wp-json\/wp\/v2\/product_brand?post=36970"},{"taxonomy":"product_cat","embeddable":true,"href":"https:\/\/www.berndhackl.de\/shop\/wp-json\/wp\/v2\/product_cat?post=36970"},{"taxonomy":"product_tag","embeddable":true,"href":"https:\/\/www.berndhackl.de\/shop\/wp-json\/wp\/v2\/product_tag?post=36970"}],"curies":[{"name":"wp","href":"https:\/\/api.w.org\/{rel}","templated":true}]}}