{"id":3629,"date":"2021-01-14T12:05:07","date_gmt":"2021-01-14T11:05:07","guid":{"rendered":"https:\/\/www.berndhackl.de\/shop\/?post_type=product&#038;p=3629"},"modified":"2026-03-23T14:04:30","modified_gmt":"2026-03-23T13:04:30","slug":"extreme-trail-vorbereitende-uebungen-teil-1-dvd","status":"publish","type":"product","link":"https:\/\/www.berndhackl.de\/shop\/produkt\/extreme-trail-vorbereitende-uebungen-teil-1-dvd\/","title":{"rendered":"Teil 1: Extreme Trail &#8211; Vorbereitende \u00dcbungen (DVD\/Online-Streaming)"},"content":{"rendered":"<p>Bodenarbeit &amp; Reiten<\/p>\n<h6>Inhalt:<\/h6>\n<p>Der erste Teil der DVD-Reihe besch\u00e4ftigt sich mit vorbereitenden \u00dcbungen f\u00fcr den Besuch in einem EXTREME TRAIL PARK. Die Auswahl an Lektionen dient aber auch als eine\u00a0 solide Basis f\u00fcr die allt\u00e4gliche Arbeit im Roundpen und auf\u00a0 dem Reitplatz.<\/p>\n<p>DasTraining im EXTREME TRAIL an naturnahen Hindernissen sorgt f\u00fcr eine bessere Kommunikation mit dem Partner Pferd, schafft gegenseitiges Vertrauen und bietet eine hervorragende M\u00f6glichkeit zum gezielten Muskelaufbau und zur Gymnastizierung.<\/p>\n<ul>\n<li>Bodenarbeit im Round Pen<\/li>\n<li>Gerittene Vorbereitung am Reitplatz<\/li>\n<li>Einfache Hindernisse auf der Spielwiese<\/li>\n<li>Spielwiese geritten<\/li>\n<li>Laufzeit ca. 200 min<\/li>\n<li>Herausgeber Gut Hammerberg<\/li>\n<\/ul>\n<h6><\/h6>\n<h6>Trailer:<\/h6>\n<div class=\"brlbs-cmpnt-container brlbs-cmpnt-content-blocker brlbs-cmpnt-with-individual-styles\" data-borlabs-cookie-content-blocker-id=\"vimeo-content-blocker\" data-borlabs-cookie-content=\"PGlmcmFtZSBzcmM9Imh0dHBzOi8vcGxheWVyLnZpbWVvLmNvbS92aWRlby81MTc0MzMyNDI\/Y29sb3I9ZWZlOGRiIiB3aWR0aD0iNjQwIiBoZWlnaHQ9IjI4MCIgZnJhbWVib3JkZXI9IjAiIGFsbG93ZnVsbHNjcmVlbj0iYWxsb3dmdWxsc2NyZWVuIj48L2lmcmFtZT4=\">\n<div class=\"brlbs-cmpnt-cb-preset-c brlbs-cmpnt-cb-vimeo\">\n<div class=\"brlbs-cmpnt-cb-thumbnail\" style=\"background-image: url('https:\/\/www.berndhackl.de\/shop\/wp-content\/uploads\/borlabs-cookie\/1\/vimeo_517433242.jpg')\"><\/div>\n<div class=\"brlbs-cmpnt-cb-main\">\n<div class=\"brlbs-cmpnt-cb-play-button\"><\/div>\n<div class=\"brlbs-cmpnt-cb-content\">\n<p class=\"brlbs-cmpnt-cb-description\">Sie sehen gerade einen Platzhalterinhalt von <strong>Vimeo<\/strong>. Um auf den eigentlichen Inhalt zuzugreifen, klicken Sie auf die Schaltfl\u00e4che unten. Bitte beachten Sie, dass dabei Daten an Drittanbieter weitergegeben werden.<\/p>\n<p> <a class=\"brlbs-cmpnt-cb-provider-toggle\" href=\"#\" data-borlabs-cookie-show-provider-information role=\"button\">Mehr Informationen<\/a> <\/div>\n<div class=\"brlbs-cmpnt-cb-buttons\"> <a class=\"brlbs-cmpnt-cb-btn\" href=\"#\" data-borlabs-cookie-unblock role=\"button\">Inhalt entsperren<\/a> <a class=\"brlbs-cmpnt-cb-btn\" href=\"#\" data-borlabs-cookie-accept-service role=\"button\" style=\"display: inherit\">Erforderlichen Service akzeptieren und Inhalte entsperren<\/a> <\/div>\n<\/p><\/div>\n<\/p><\/div>\n<\/div>\n<h6><\/h6>\n<h6>Online-Streaming (ausleihen):<\/h6>\n<div class=\"onlineStreamingBox\">\n<p>Diese DVD kann auch als Online-Streaming Angebot in meinem <a href=\"https:\/\/vimeo.com\/berndhackl\" target=\"_blank\" rel=\"noopener\">Vimeo Kanal<\/a> ausgeliehen werden. <a href=\"https:\/\/www.berndhackl.de\/shop\/bernd-hackl-lehr-dvds-als-online-stream\/\" target=\"_blank\" rel=\"noopener\">So funktioniert das Ausleihen bei Vimeo.<\/a> <\/p>\n<\/div>\n<p style=\"text-align: center;\"><a id=\"extHackl\" class=\"single_add_to_cart_button button alt\" href=\"https:\/\/vimeo.com\/ondemand\/extrailvorbereitendeueb1\" target=\"_blank\" rel=\"noopener\">Teil 1: Extreme Trail &#8211; Vorbereitende \u00dcbungen bei Vimeo ausleihen <\/a><\/p>\n<h6><\/h6>\n<h6 style=\"margin-bottom: 0;\">DVD kaufen:<\/h6>\n","protected":false},"excerpt":{"rendered":"<p>Bodenarbeit &amp; Reiten Inhalt: Der erste Teil der DVD-Reihe besch\u00e4ftigt sich mit vorbereitenden \u00dcbungen f\u00fcr den Besuch in einem EXTREME TRAIL PARK. Die Auswahl an Lektionen dient aber auch als eine\u00a0 solide Basis f\u00fcr die allt\u00e4gliche Arbeit im Roundpen und auf\u00a0 dem Reitplatz. DasTraining im EXTREME TRAIL an naturnahen Hindernissen sorgt f\u00fcr eine bessere Kommunikation [&hellip;]<\/p>\n","protected":false},"featured_media":3630,"template":"","meta":{"_acf_changed":false,"inline_featured_image":false},"product_brand":[],"product_cat":[54,56,63],"product_tag":[],"class_list":{"0":"post-3629","1":"product","2":"type-product","3":"status-publish","4":"has-post-thumbnail","6":"product_cat-dvds","7":"product_cat-beststeller","8":"product_cat-weitere-dvds","10":"first","11":"outofstock","12":"taxable","13":"shipping-taxable","14":"purchasable","15":"product-type-simple"},"acf":[],"_links":{"self":[{"href":"https:\/\/www.berndhackl.de\/shop\/wp-json\/wp\/v2\/product\/3629","targetHints":{"allow":["GET"]}}],"collection":[{"href":"https:\/\/www.berndhackl.de\/shop\/wp-json\/wp\/v2\/product"}],"about":[{"href":"https:\/\/www.berndhackl.de\/shop\/wp-json\/wp\/v2\/types\/product"}],"wp:featuredmedia":[{"embeddable":true,"href":"https:\/\/www.berndhackl.de\/shop\/wp-json\/wp\/v2\/media\/3630"}],"wp:attachment":[{"href":"https:\/\/www.berndhackl.de\/shop\/wp-json\/wp\/v2\/media?parent=3629"}],"wp:term":[{"taxonomy":"product_brand","embeddable":true,"href":"https:\/\/www.berndhackl.de\/shop\/wp-json\/wp\/v2\/product_brand?post=3629"},{"taxonomy":"product_cat","embeddable":true,"href":"https:\/\/www.berndhackl.de\/shop\/wp-json\/wp\/v2\/product_cat?post=3629"},{"taxonomy":"product_tag","embeddable":true,"href":"https:\/\/www.berndhackl.de\/shop\/wp-json\/wp\/v2\/product_tag?post=3629"}],"curies":[{"name":"wp","href":"https:\/\/api.w.org\/{rel}","templated":true}]}}