{"id":3330,"date":"2020-12-11T12:32:39","date_gmt":"2020-12-11T11:32:39","guid":{"rendered":"https:\/\/www.berndhackl.de\/shop\/?post_type=product&#038;p=3330"},"modified":"2026-02-11T12:44:13","modified_gmt":"2026-02-11T11:44:13","slug":"magen","status":"publish","type":"product","link":"https:\/\/www.berndhackl.de\/shop\/produkt\/magen\/","title":{"rendered":"Magen"},"content":{"rendered":"<p><strong>7P-Dogfeed Magen<\/strong><\/p>\n<p>Di\u00e4terg\u00e4nzungsfuttermittel f\u00fcr Hunde und Katzen zur Unterst\u00fctzung bei Durchfall und Verdauungsst\u00f6rungen.<\/p>\n<p>Die Kombination der eingesetzten Kr\u00e4uter unterst\u00fctzen die Verdauungst\u00e4tigkeit bei Verdauungsst\u00f6rungen und chronischer Pankreatitis. Sie unterst\u00fctzen, regulieren und sanieren die Darmflora. Es kann die Verwertung und Bek\u00f6mmlichkeit von N\u00e4hrstoffen und den Hautstoffwechsel positiv beeinflussen.<\/p>\n<p>&nbsp;<\/p>\n<p><strong>Zusammensetzung:<\/strong><\/p>\n<p>Bierhefe, Leinsamen, Bockshornkleesamen, Kamillenbl\u00fcten<\/p>\n<p>Schafgarbe, Kalmus, Fenchel, Brennnessel, Anis, Wermut<\/p>\n<p>&nbsp;<\/p>\n<p><strong>F\u00fctterungsempfehlung:<\/strong><\/p>\n<p>Mit Futter verabreichen oder in Wasser aufschwemmen<\/p>\n<p>Hunde bis 10 kg: 5 g (2 Messl\u00f6ffel)<\/p>\n<p>Hunde 10 \u2013 20 kg: 10 g (4 Messl\u00f6ffel)<\/p>\n<p>Hunde 20 \u2013 30 kg: 15 g (6 Messl\u00f6ffel)<\/p>\n<p>Hunde ab 30 kg: 20 g (8 Messl\u00f6ffel)<\/p>\n<p>&nbsp;<\/p>\n<p><strong>Analytische Bestandteile und Gehalte:<\/strong><\/p>\n<p>Rohprotein 31,8 %, Rohfett 9,3 %, Rohfaser 4,7 %, Rohasche 10,3 %<\/p>\n<p>&nbsp;<\/p>\n<p><strong>Ern\u00e4hrungsphysiologische Zusatzstoffe\/kg:<\/strong><\/p>\n<table>\n<tbody>\n<tr>\n<td width=\"57\">Vitamin A<\/td>\n<td width=\"29\">1.300.000<\/td>\n<td width=\"18\">I.E.<\/td>\n<td width=\"19\"><\/td>\n<td width=\"38\">Vitamin D<sub>3<\/sub><\/td>\n<td width=\"24\">200.000<\/td>\n<td width=\"14\">I.E.<\/td>\n<\/tr>\n<tr>\n<td width=\"57\">Vitamin E<\/td>\n<td width=\"29\">3.000<\/td>\n<td width=\"18\">mg<\/td>\n<td width=\"19\"><\/td>\n<td width=\"38\">Vitamin C<\/td>\n<td width=\"24\">10.000<\/td>\n<td width=\"14\">mg<\/td>\n<\/tr>\n<tr>\n<td width=\"57\">Vitamin B<sub>1<\/sub><\/td>\n<td width=\"29\">2.000<\/td>\n<td width=\"18\">mg<\/td>\n<td width=\"19\"><\/td>\n<td width=\"38\">Vitamin B<sub>2<\/sub><\/td>\n<td width=\"24\">800<\/td>\n<td width=\"14\">mg<\/td>\n<\/tr>\n<tr>\n<td width=\"57\">Vitamin B<sub>6<\/sub><\/td>\n<td width=\"29\">500<\/td>\n<td width=\"18\">mg<\/td>\n<td width=\"19\"><\/td>\n<td width=\"38\">Vitamin B<sub>12<\/sub><\/td>\n<td width=\"24\">2.500<\/td>\n<td width=\"14\">mcg<\/td>\n<\/tr>\n<tr>\n<td width=\"57\">Ca-D-Pantothenat<\/td>\n<td width=\"29\">1.000<\/td>\n<td width=\"18\">mg<\/td>\n<td width=\"19\"><\/td>\n<td width=\"38\">Niacin<\/td>\n<td width=\"24\">10.000<\/td>\n<td width=\"14\">mg<\/td>\n<\/tr>\n<tr>\n<td width=\"57\">Cholinchlorid<\/td>\n<td width=\"29\">10.000<\/td>\n<td width=\"18\">mg<\/td>\n<td width=\"19\"><\/td>\n<td width=\"38\">Fols\u00e4ure<\/td>\n<td width=\"24\">30.000<\/td>\n<td width=\"14\">mcg<\/td>\n<\/tr>\n<tr>\n<td width=\"57\">Biotin<\/td>\n<td width=\"29\">20.000<\/td>\n<td width=\"18\">mcg<\/td>\n<td width=\"19\"><\/td>\n<td width=\"38\">L-Carnitin<\/td>\n<td width=\"24\">10.000<\/td>\n<td width=\"14\">mg<\/td>\n<\/tr>\n<tr>\n<td width=\"57\">DL-Methionin<\/td>\n<td width=\"29\">10.000<\/td>\n<td width=\"18\">mg<\/td>\n<td width=\"19\"><\/td>\n<td width=\"38\">L-Lysin<\/td>\n<td width=\"24\">25.000<\/td>\n<td width=\"14\">mg<\/td>\n<\/tr>\n<tr>\n<td width=\"57\">Biotin<\/td>\n<td width=\"29\">100.000<\/td>\n<td width=\"18\">mcg<\/td>\n<td width=\"19\"><\/td>\n<td width=\"38\"><\/td>\n<td width=\"24\"><\/td>\n<td width=\"14\"><\/td>\n<\/tr>\n<\/tbody>\n<\/table>\n<p><strong>Technologische Zusatzstoffe\/kg: <\/strong><\/p>\n<p>Johannisbrotkernmehl\u00a0\u00a0\u00a0\u00a0 10.000 mg<\/p>\n<p>Vitamin A (3a672), Vitamin D3 (3a671), Vitamin E (3a700), Vitamin C (3a300), Vitamin B1 (3a821), Vitamin B2 (Riboflavin), Vitamin B6 (3a831), Vitamin B12 (Cyanocobalamin), Ca-D-Pantothenat (3a841), Niacin (3a314), Cholinchlorid (3a890), Fols\u00e4ure (3a316), Biotin (3a880), L-Carnitin (3a910), DL-Methionin (3c301), L-Lysin-Monohydrochlorid (3.2.3), Biotin (3a880), Johannisbrotkernmehl (E410)<\/p>\n","protected":false},"excerpt":{"rendered":"<p>7P-Dogfeed Magen Di\u00e4terg\u00e4nzungsfuttermittel f\u00fcr Hunde und Katzen zur Unterst\u00fctzung bei Durchfall und Verdauungsst\u00f6rungen. Die Kombination der eingesetzten Kr\u00e4uter unterst\u00fctzen die Verdauungst\u00e4tigkeit bei Verdauungsst\u00f6rungen und chronischer Pankreatitis. Sie unterst\u00fctzen, regulieren und sanieren die Darmflora. Es kann die Verwertung und Bek\u00f6mmlichkeit von N\u00e4hrstoffen und den Hautstoffwechsel positiv beeinflussen. &nbsp; Zusammensetzung: Bierhefe, Leinsamen, Bockshornkleesamen, Kamillenbl\u00fcten Schafgarbe, Kalmus, Fenchel, [&hellip;]<\/p>\n","protected":false},"featured_media":3334,"template":"","meta":{"_acf_changed":false,"inline_featured_image":false},"product_brand":[],"product_cat":[140,68,69],"product_tag":[],"class_list":{"0":"post-3330","1":"product","2":"type-product","3":"status-publish","4":"has-post-thumbnail","6":"product_cat-7p-dogfeed-by-bernd-hackl","7":"product_cat-hund","8":"product_cat-zusatzfutter-hund","10":"first","11":"outofstock","12":"taxable","13":"shipping-taxable","14":"purchasable","15":"product-type-variable"},"acf":[],"_links":{"self":[{"href":"https:\/\/www.berndhackl.de\/shop\/wp-json\/wp\/v2\/product\/3330","targetHints":{"allow":["GET"]}}],"collection":[{"href":"https:\/\/www.berndhackl.de\/shop\/wp-json\/wp\/v2\/product"}],"about":[{"href":"https:\/\/www.berndhackl.de\/shop\/wp-json\/wp\/v2\/types\/product"}],"wp:featuredmedia":[{"embeddable":true,"href":"https:\/\/www.berndhackl.de\/shop\/wp-json\/wp\/v2\/media\/3334"}],"wp:attachment":[{"href":"https:\/\/www.berndhackl.de\/shop\/wp-json\/wp\/v2\/media?parent=3330"}],"wp:term":[{"taxonomy":"product_brand","embeddable":true,"href":"https:\/\/www.berndhackl.de\/shop\/wp-json\/wp\/v2\/product_brand?post=3330"},{"taxonomy":"product_cat","embeddable":true,"href":"https:\/\/www.berndhackl.de\/shop\/wp-json\/wp\/v2\/product_cat?post=3330"},{"taxonomy":"product_tag","embeddable":true,"href":"https:\/\/www.berndhackl.de\/shop\/wp-json\/wp\/v2\/product_tag?post=3330"}],"curies":[{"name":"wp","href":"https:\/\/api.w.org\/{rel}","templated":true}]}}