{"id":3309,"date":"2020-12-11T10:45:53","date_gmt":"2020-12-11T09:45:53","guid":{"rendered":"https:\/\/www.berndhackl.de\/shop\/?post_type=product&#038;p=3309"},"modified":"2026-03-16T10:20:43","modified_gmt":"2026-03-16T09:20:43","slug":"biotin","status":"publish","type":"product","link":"https:\/\/www.berndhackl.de\/shop\/produkt\/biotin\/","title":{"rendered":"Biotin"},"content":{"rendered":"<p><strong>7P-Dogfeed Biotin <\/strong>(Vitamin H) unterst\u00fctzt Haut und Fell. Wird das Tier mit ausreichend Biotin versorgt kann sich das wie folgt \u00e4u\u00dfern:<\/p>\n<p>gl\u00e4nzendes Fell, kurzer Haarwechsel, Verminderung der Schuppenbildung, verbesserte Pigmentierung<strong><br \/>\n<\/strong><\/p>\n<p>&nbsp;<\/p>\n<p><strong>Zusammensetzung:<\/strong><\/p>\n<p>Bierhefe, Aronia, Leinsamen<\/p>\n<p>&nbsp;<\/p>\n<p><strong>F\u00fctterungsempfehlung:<\/strong><\/p>\n<p>Unter das Futter mischen.<\/p>\n<p>Hunde bis 10 kg: 4 g (2 Messl\u00f6ffel)<\/p>\n<p>Hunde 10 \u2013 20 kg: 6 g (3 Messl\u00f6ffel)<\/p>\n<p>Hunde 20 \u2013 30 kg: 8 g (4 Messl\u00f6ffel)<\/p>\n<p>Hunde ab 30 kg: 10 g (5 Messl\u00f6ffel)<\/p>\n<p>&nbsp;<\/p>\n<p><strong>Analytische Bestandteile und Gehalte:<\/strong><\/p>\n<p>Rohprotein 40,4 %, Rohfett 2,2 %, Rohasche 7,2 %<\/p>\n<p>Rohfaser 4,0 %<\/p>\n<p>&nbsp;<\/p>\n<p><strong>Zusatzstoffe\/kg:<\/strong><\/p>\n<table>\n<tbody>\n<tr>\n<td width=\"47\">Biotin<\/td>\n<td width=\"38\">500.000<\/td>\n<td width=\"19\">mcg<\/td>\n<td width=\"19\"><\/td>\n<td width=\"57\">Vitamin E<\/td>\n<td width=\"28\">2.000<\/td>\n<td width=\"25\">mg<\/td>\n<\/tr>\n<tr>\n<td width=\"47\">Zink<\/td>\n<td width=\"38\">7.500<\/td>\n<td width=\"19\">mg<\/td>\n<td width=\"19\"><\/td>\n<td width=\"57\">Vitamin B<sub>12<\/sub><\/td>\n<td width=\"28\">5.000<\/td>\n<td width=\"25\">mcg<\/td>\n<\/tr>\n<tr>\n<td width=\"47\">Vitamin A<\/td>\n<td width=\"38\">600.000<\/td>\n<td width=\"19\">I.E.<\/td>\n<td width=\"19\"><\/td>\n<td width=\"57\">DL-Methionin<\/td>\n<td width=\"28\">50.000<\/td>\n<td width=\"25\">mg<\/td>\n<\/tr>\n<tr>\n<td width=\"47\">Klinoptilolith<\/td>\n<td width=\"38\">15.000<\/td>\n<td width=\"19\">mg<\/td>\n<td width=\"19\"><\/td>\n<td width=\"57\"><\/td>\n<td width=\"28\"><\/td>\n<td width=\"25\"><\/td>\n<\/tr>\n<\/tbody>\n<\/table>\n<p>&nbsp;<\/p>\n<p>Biotin (3a880), Zink aus Aminos\u00e4ure-Zinkchelat-Hydrat (3b606), Vitamin A (3a672)<\/p>\n<p>Vitamin E (3a700), Vitamin B12 (Cyanocobalamin), Klinoptilolith (1g568)<\/p>\n<p>DL-Methionin (3c301)<\/p>\n","protected":false},"excerpt":{"rendered":"<p>7P-Dogfeed Biotin (Vitamin H) unterst\u00fctzt Haut und Fell. Wird das Tier mit ausreichend Biotin versorgt kann sich das wie folgt \u00e4u\u00dfern: gl\u00e4nzendes Fell, kurzer Haarwechsel, Verminderung der Schuppenbildung, verbesserte Pigmentierung &nbsp; Zusammensetzung: Bierhefe, Aronia, Leinsamen &nbsp; F\u00fctterungsempfehlung: Unter das Futter mischen. Hunde bis 10 kg: 4 g (2 Messl\u00f6ffel) Hunde 10 \u2013 20 kg: 6 [&hellip;]<\/p>\n","protected":false},"featured_media":3311,"template":"","meta":{"_acf_changed":false,"inline_featured_image":false},"product_brand":[],"product_cat":[68,69,140],"product_tag":[],"class_list":{"0":"post-3309","1":"product","2":"type-product","3":"status-publish","4":"has-post-thumbnail","6":"product_cat-hund","7":"product_cat-zusatzfutter-hund","8":"product_cat-7p-dogfeed-by-bernd-hackl","10":"first","11":"outofstock","12":"taxable","13":"shipping-taxable","14":"purchasable","15":"product-type-variable"},"acf":[],"_links":{"self":[{"href":"https:\/\/www.berndhackl.de\/shop\/wp-json\/wp\/v2\/product\/3309","targetHints":{"allow":["GET"]}}],"collection":[{"href":"https:\/\/www.berndhackl.de\/shop\/wp-json\/wp\/v2\/product"}],"about":[{"href":"https:\/\/www.berndhackl.de\/shop\/wp-json\/wp\/v2\/types\/product"}],"wp:featuredmedia":[{"embeddable":true,"href":"https:\/\/www.berndhackl.de\/shop\/wp-json\/wp\/v2\/media\/3311"}],"wp:attachment":[{"href":"https:\/\/www.berndhackl.de\/shop\/wp-json\/wp\/v2\/media?parent=3309"}],"wp:term":[{"taxonomy":"product_brand","embeddable":true,"href":"https:\/\/www.berndhackl.de\/shop\/wp-json\/wp\/v2\/product_brand?post=3309"},{"taxonomy":"product_cat","embeddable":true,"href":"https:\/\/www.berndhackl.de\/shop\/wp-json\/wp\/v2\/product_cat?post=3309"},{"taxonomy":"product_tag","embeddable":true,"href":"https:\/\/www.berndhackl.de\/shop\/wp-json\/wp\/v2\/product_tag?post=3309"}],"curies":[{"name":"wp","href":"https:\/\/api.w.org\/{rel}","templated":true}]}}