{"id":32997,"date":"2024-08-07T13:19:57","date_gmt":"2024-08-07T11:19:57","guid":{"rendered":"https:\/\/www.berndhackl.de\/shop\/?post_type=product&#038;p=32997"},"modified":"2026-04-16T06:24:48","modified_gmt":"2026-04-16T04:24:48","slug":"vkopfstueck-dunkles-leder-beidseitig-verstellbar-kerstin-rester-edition","status":"publish","type":"product","link":"https:\/\/www.berndhackl.de\/shop\/produkt\/vkopfstueck-dunkles-leder-beidseitig-verstellbar-kerstin-rester-edition\/","title":{"rendered":"V-Kopfst\u00fcck, dunkles Leder, beidseitig verstellbar Kerstin Rester Edition"},"content":{"rendered":"<p>Schlicht und trotzdem ein absolutes Highlight!\u00a0 Westerntrense aus hochwertigem Leder.<\/p>\n<ul>\n<li>Beidseitig verstellbares Kopfst\u00fcck<\/li>\n<li>\u00a0Farbe: Schokobraun<\/li>\n<li>V-Stirnriemen<\/li>\n<li>Doubliertes Kopfst\u00fcck aus vegetabil gegerbten Leder, geschn\u00fcrt<\/li>\n<li>Qualit\u00e4tsprodukt<\/li>\n<li>Gr\u00f6\u00dfe \u00fcber das Genick einstellbar von 87cm -107cm<\/li>\n<li>Einheitsgr\u00f6\u00dfe, passend f\u00fcr die meisten Westernpferderassen.<\/li>\n<\/ul>\n<p>Bei diesem Kopfst\u00fcck bitte beachten:\u00a0 Ein Snaffle Bit, Kinnriemen, Slobber Straps und Mecate oder Z\u00fcgel sind nicht in der Lieferung inbegriffen! Die Produkte k\u00f6nnen separat im Shop erworben werden.<\/p>\n<p>&nbsp;<\/p>\n","protected":false},"excerpt":{"rendered":"<p>Schlicht und trotzdem ein absolutes Highlight!\u00a0 Westerntrense aus hochwertigem Leder. Beidseitig verstellbares Kopfst\u00fcck \u00a0Farbe: Schokobraun V-Stirnriemen Doubliertes Kopfst\u00fcck aus vegetabil gegerbten Leder, geschn\u00fcrt Qualit\u00e4tsprodukt Gr\u00f6\u00dfe \u00fcber das Genick einstellbar von 87cm -107cm Einheitsgr\u00f6\u00dfe, passend f\u00fcr die meisten Westernpferderassen. Bei diesem Kopfst\u00fcck bitte beachten:\u00a0 Ein Snaffle Bit, Kinnriemen, Slobber Straps und Mecate oder Z\u00fcgel sind nicht [&hellip;]<\/p>\n","protected":false},"featured_media":32998,"template":"","meta":{"_acf_changed":false,"inline_featured_image":false},"product_brand":[],"product_cat":[31,41,42,223],"product_tag":[],"class_list":{"0":"post-32997","1":"product","2":"type-product","3":"status-publish","4":"has-post-thumbnail","6":"product_cat-pferd","7":"product_cat-kopfstuecke","8":"product_cat-beidseitig-verstellbar","9":"product_cat-cowgirls","11":"first","12":"instock","13":"taxable","14":"shipping-taxable","15":"purchasable","16":"product-type-simple"},"acf":[],"_links":{"self":[{"href":"https:\/\/www.berndhackl.de\/shop\/wp-json\/wp\/v2\/product\/32997","targetHints":{"allow":["GET"]}}],"collection":[{"href":"https:\/\/www.berndhackl.de\/shop\/wp-json\/wp\/v2\/product"}],"about":[{"href":"https:\/\/www.berndhackl.de\/shop\/wp-json\/wp\/v2\/types\/product"}],"wp:featuredmedia":[{"embeddable":true,"href":"https:\/\/www.berndhackl.de\/shop\/wp-json\/wp\/v2\/media\/32998"}],"wp:attachment":[{"href":"https:\/\/www.berndhackl.de\/shop\/wp-json\/wp\/v2\/media?parent=32997"}],"wp:term":[{"taxonomy":"product_brand","embeddable":true,"href":"https:\/\/www.berndhackl.de\/shop\/wp-json\/wp\/v2\/product_brand?post=32997"},{"taxonomy":"product_cat","embeddable":true,"href":"https:\/\/www.berndhackl.de\/shop\/wp-json\/wp\/v2\/product_cat?post=32997"},{"taxonomy":"product_tag","embeddable":true,"href":"https:\/\/www.berndhackl.de\/shop\/wp-json\/wp\/v2\/product_tag?post=32997"}],"curies":[{"name":"wp","href":"https:\/\/api.w.org\/{rel}","templated":true}]}}