{"id":32992,"date":"2024-08-07T12:53:04","date_gmt":"2024-08-07T10:53:04","guid":{"rendered":"https:\/\/www.berndhackl.de\/shop\/?post_type=product&#038;p=32992"},"modified":"2025-09-15T09:29:30","modified_gmt":"2025-09-15T07:29:30","slug":"concha-beschlag-fuer-sporenriemen-kerstin-rester-edition-kopie","status":"publish","type":"product","link":"https:\/\/www.berndhackl.de\/shop\/produkt\/concha-beschlag-fuer-sporenriemen-kerstin-rester-edition-kopie\/","title":{"rendered":"Concha \/ Beschlag f\u00fcr Sporenriemen \/ Kerstin Rester Edition"},"content":{"rendered":"<p>Ohne bling, bling machen diese Conchas aus euren Sporenriemen ein echtes Highlight!<\/p>\n<p>Die Concha sind zur Befestigung am Sporenriemen mit 2 Schrauben versehen. Einfach zwei kleine L\u00f6cher in die Sporenriemen bohren und mit einfachen Handgriffen tragt ihr Schmuckst\u00fccke an Ihren Boots<\/p>\n<p>&nbsp;<\/p>\n<p>&#8211; Bestellung beinhaltet einen Concha\/ Beschlag mit zwei Schrauben (gew\u00fcnschte Anzahl der Conchas in der Bestellung mit St\u00fcckzahl anpassen)<\/p>\n<p>&#8211; Farbe: silber<\/p>\n<p>&#8211; Legierung: Neusilber<\/p>\n<p>&#8211; Durchmesser: ca.: 4,8 cm<\/p>\n<p>&#8211; Befestigung: mit den mitgelieferten Schrauben an den Sporenriemen befestigt. Dies erm\u00f6glicht eine einfache Anpassung oder den Austausch der Conchas bei Bedarf.<\/p>\n<p>&nbsp;<\/p>\n<p>Conchas verleihen den Sporenriemen einen traditionellen und individuellen Look. sie sind ein dekoratives Accessoire, das dem Westernreiter-Outfit eine pers\u00f6nliche und stilvolle Note verleiht.<\/p>\n<p>Wer sich dem Leitsatz der 7Ps: Proper Prior Preparation Prevents Piss Poor Performance verschrieben hat, der hat ab sofort die M\u00f6glichkeit dies nach au\u00dfen zu zeigen.<\/p>\n<p>&nbsp;<\/p>\n<h5><strong>Alles Handarbeit aus deutschen Werkst\u00e4tten<\/strong><\/h5>\n<p>&nbsp;<\/p>\n<p><strong>Neusilber<\/strong> ist eine wie Silber aussehende Legierung aus Kupfer, Nickel und Zink<\/p>\n<p>Es wird f\u00fcr Tafelbesteck, Feder, Feinmechanische Ger\u00e4te Rei\u00dfzeuge und nat\u00fcrlich auch f\u00fcr Beschl\u00e4ge verwendet und weist eine sehr hohe Korrosionsbest\u00e4ndigkeit und Festigkeit auf. Daher besonders f\u00fcr den Einsatz im Stall geeignet.<\/p>\n<p>&nbsp;<\/p>\n<pre id=\"tw-target-text\" class=\"tw-data-text tw-text-large tw-ta\" dir=\"ltr\" data-placeholder=\"\u00dcbersetzung\"><span class=\"Y2IQFc\" lang=\"de\">\u00a0<\/span><\/pre>\n","protected":false},"excerpt":{"rendered":"<p>Ohne bling, bling machen diese Conchas aus euren Sporenriemen ein echtes Highlight! Die Concha sind zur Befestigung am Sporenriemen mit 2 Schrauben versehen. Einfach zwei kleine L\u00f6cher in die Sporenriemen bohren und mit einfachen Handgriffen tragt ihr Schmuckst\u00fccke an Ihren Boots &nbsp; &#8211; Bestellung beinhaltet einen Concha\/ Beschlag mit zwei Schrauben (gew\u00fcnschte Anzahl der Conchas [&hellip;]<\/p>\n","protected":false},"featured_media":32994,"template":"","meta":{"_acf_changed":false,"inline_featured_image":false},"product_brand":[],"product_cat":[34,36,62,223,286],"product_tag":[],"class_list":{"0":"post-32992","1":"product","2":"type-product","3":"status-publish","4":"has-post-thumbnail","6":"product_cat-reiter","7":"product_cat-kleinigkeiten-geschenke","8":"product_cat-sporen-sporenriemen","9":"product_cat-cowgirls","10":"product_cat-accessoires","12":"first","13":"instock","14":"taxable","15":"shipping-taxable","16":"purchasable","17":"product-type-simple"},"acf":[],"_links":{"self":[{"href":"https:\/\/www.berndhackl.de\/shop\/wp-json\/wp\/v2\/product\/32992","targetHints":{"allow":["GET"]}}],"collection":[{"href":"https:\/\/www.berndhackl.de\/shop\/wp-json\/wp\/v2\/product"}],"about":[{"href":"https:\/\/www.berndhackl.de\/shop\/wp-json\/wp\/v2\/types\/product"}],"wp:featuredmedia":[{"embeddable":true,"href":"https:\/\/www.berndhackl.de\/shop\/wp-json\/wp\/v2\/media\/32994"}],"wp:attachment":[{"href":"https:\/\/www.berndhackl.de\/shop\/wp-json\/wp\/v2\/media?parent=32992"}],"wp:term":[{"taxonomy":"product_brand","embeddable":true,"href":"https:\/\/www.berndhackl.de\/shop\/wp-json\/wp\/v2\/product_brand?post=32992"},{"taxonomy":"product_cat","embeddable":true,"href":"https:\/\/www.berndhackl.de\/shop\/wp-json\/wp\/v2\/product_cat?post=32992"},{"taxonomy":"product_tag","embeddable":true,"href":"https:\/\/www.berndhackl.de\/shop\/wp-json\/wp\/v2\/product_tag?post=32992"}],"curies":[{"name":"wp","href":"https:\/\/api.w.org\/{rel}","templated":true}]}}