{"id":29524,"date":"2023-07-26T09:20:57","date_gmt":"2023-07-26T07:20:57","guid":{"rendered":"https:\/\/www.berndhackl.de\/shop\/?post_type=product&#038;p=29524"},"modified":"2026-04-03T20:53:45","modified_gmt":"2026-04-03T18:53:45","slug":"quirt-7p-pacific_blue","status":"publish","type":"product","link":"https:\/\/www.berndhackl.de\/shop\/produkt\/quirt-7p-pacific_blue\/","title":{"rendered":"Quirt 7P-Pacific Blue \/ t\u00fcrkis-beige"},"content":{"rendered":"<div class=\"recommendedBox\">\n<div class=\"recommendedText\">\n<p>Quirt aus der 7P-Kollektion by Bernd Hackl<\/p>\n<p><strong>Die Details:<br \/>\n<\/strong>\u2013 Farbe: t\u00fcrkis-beige<br \/>\n\u2013 solide handgeflochten geflochtenes Nylon Material \/ Paracord 550 Typ III<br \/>\n\u2013 ca. 1 cm Durchmesser<br \/>\n\u2013\u00a0 Gesamtl\u00e4nge ca.\u00a0 93 cm \/ L\u00e4nge ohne Handschlaufe und ohne Lederenden ca. 46 cm, Durchmesser Handschlaufe ca. 7 cm \/ L\u00e4nge ca.15 cm<br \/>\n\u2013 Handschlaufe und Klatschen aus echtem Leder<\/p>\n<p class=\"recommendedContent\">Als Quirt bezeichnet man in der Westernreitweise eine traditionelle Westerngerte.<br \/>\nQuirts werden h\u00e4ufig in der Klassisch-Kalifornischen-Reitweise benutzt.<br \/>\nUnser Quirt ist aus geflochtenem Paracord mit Lederklatsche am Ende. Durch das beim Zusammenklatschen entstehende Ger\u00e4usch der Lederklatschen entsteht der treibende Effekt bei dieser Gertenart. Der Quirt verf\u00fcgt \u00fcber eine Handschlaufe aus echtem Leder.<\/p>\n<p>Gewicht: ca.65 gr<\/p>\n<\/div>\n<\/div>\n<div class=\"recommendedImage\"><img decoding=\"async\" src=\"https:\/\/www.berndhackl.de\/shop\/wp-content\/uploads\/2022\/02\/Kerstin.jpg\" \/><\/div>\n<div class=\"recommendedText\">\n<p class=\"recommendedHeadline\">Empfohlen von Kerstin Rester<\/p>\n<p class=\"recommendedSubHeadline\">Trainerin auf der 7P-Ranch<\/p>\n<p class=\"recommendedContent\"><a href=\"https:\/\/www.berndhackl.de\/good-people\/trainerprofil\/trainerin-kerstin-rester\/\" target=\"_blank\" rel=\"noopener\">Trainerprofil von Kerstin<\/a><\/p>\n<\/div>\n","protected":false},"excerpt":{"rendered":"<p>Quirt aus der 7P-Kollektion by Bernd Hackl Die Details: \u2013 Farbe: t\u00fcrkis-beige \u2013 solide handgeflochten geflochtenes Nylon Material \/ Paracord 550 Typ III \u2013 ca. 1 cm Durchmesser \u2013\u00a0 Gesamtl\u00e4nge ca.\u00a0 93 cm \/ L\u00e4nge ohne Handschlaufe und ohne Lederenden ca. 46 cm, Durchmesser Handschlaufe ca. 7 cm \/ L\u00e4nge ca.15 cm \u2013 Handschlaufe und [&hellip;]<\/p>\n","protected":false},"featured_media":29525,"template":"","meta":{"_acf_changed":false,"inline_featured_image":false},"product_brand":[],"product_cat":[223,31,118],"product_tag":[],"class_list":{"0":"post-29524","1":"product","2":"type-product","3":"status-publish","4":"has-post-thumbnail","6":"product_cat-cowgirls","7":"product_cat-pferd","8":"product_cat-trainingszubehoer","10":"first","11":"instock","12":"sale","13":"taxable","14":"shipping-taxable","15":"purchasable","16":"product-type-simple"},"acf":[],"_links":{"self":[{"href":"https:\/\/www.berndhackl.de\/shop\/wp-json\/wp\/v2\/product\/29524","targetHints":{"allow":["GET"]}}],"collection":[{"href":"https:\/\/www.berndhackl.de\/shop\/wp-json\/wp\/v2\/product"}],"about":[{"href":"https:\/\/www.berndhackl.de\/shop\/wp-json\/wp\/v2\/types\/product"}],"wp:featuredmedia":[{"embeddable":true,"href":"https:\/\/www.berndhackl.de\/shop\/wp-json\/wp\/v2\/media\/29525"}],"wp:attachment":[{"href":"https:\/\/www.berndhackl.de\/shop\/wp-json\/wp\/v2\/media?parent=29524"}],"wp:term":[{"taxonomy":"product_brand","embeddable":true,"href":"https:\/\/www.berndhackl.de\/shop\/wp-json\/wp\/v2\/product_brand?post=29524"},{"taxonomy":"product_cat","embeddable":true,"href":"https:\/\/www.berndhackl.de\/shop\/wp-json\/wp\/v2\/product_cat?post=29524"},{"taxonomy":"product_tag","embeddable":true,"href":"https:\/\/www.berndhackl.de\/shop\/wp-json\/wp\/v2\/product_tag?post=29524"}],"curies":[{"name":"wp","href":"https:\/\/api.w.org\/{rel}","templated":true}]}}