{"id":28375,"date":"2023-02-24T12:23:08","date_gmt":"2023-02-24T11:23:08","guid":{"rendered":"https:\/\/www.berndhackl.de\/shop\/?post_type=product&#038;p=28375"},"modified":"2026-04-16T12:31:33","modified_gmt":"2026-04-16T10:31:33","slug":"cowboy-bridle-avarage-complete-set-7p-mecaten-kerstin-rester-kollektion-zweiseitig-verstellbar-dunkles-leder-gebiss-125-cm-slobber-straps-round-dunkel","status":"publish","type":"product","link":"https:\/\/www.berndhackl.de\/shop\/produkt\/cowboy-bridle-avarage-complete-set-7p-mecaten-kerstin-rester-kollektion-zweiseitig-verstellbar-dunkles-leder-gebiss-125-cm-slobber-straps-round-dunkel\/","title":{"rendered":"Cowboy Bridle Avarage Complete Set \/ 7P-Mecaten Kerstin Rester Kollektion (zweiseitig verstellbar, dunkles Leder, Gebiss 12,5 cm, Slobber Straps round dunkel)"},"content":{"rendered":"<p>Unser 7P-Cowboy-Bridle Complete Set besteht aus:<\/p>\n<p>&#8211; Bernd Hackl Kopfst\u00fcck in der Gr\u00f6\u00dfe Average, dunkles Leder, beidseitig verstellbar<\/p>\n<p>&#8211; Gebiss 12,5 cm<\/p>\n<p>&#8211; Kinnriemen<\/p>\n<p>&#8211; Slobber Straps round dunkel<\/p>\n<p>&#8211; Wahlweise Mecate aus der Kerstin Rester Kollektion<\/p>\n<p>&nbsp;<\/p>\n<p>Produktinfos:<\/p>\n<p>Kopfst\u00fcck aus der Bend Hackl Kollektion:<\/p>\n<p>Beidseitig verstellbares Kopfst\u00fcck aus schwerem Leder (Futurity Knot; dunkles Leder)<\/p>\n<p>Die Verbindungsstellen zur Schnalle, bzw. zum Stirnriemen sind in alter Form durchgeschlauft \u2013 nicht gen\u00e4ht. Ein so gut wie unverw\u00fcstlicher Zaum.<\/p>\n<p>Gr\u00f6\u00dfe Average (Standard) passend f\u00fcr:\u00a0 Quarter Horses, Paint Horses, Araber,&#8230;.<\/p>\n<p>Snaffle Bit \/ Gebiss:<\/p>\n<div class=\"elementor-element elementor-element-44c7947 elementor-widget elementor-widget-woocommerce-product-content\" data-id=\"44c7947\" data-element_type=\"widget\" data-widget_type=\"woocommerce-product-content.default\">\n<div class=\"elementor-widget-container\">\n<p>Mundst\u00fcck besteht aus polierten \u201csweet iron\u201d.<br \/>\nOffset D-Gebisse sind sowohl f\u00fcr einzureitende Pferde \u2013 aber nat\u00fcrlich auch f\u00fcr schon gerittene Pferde geeignet.<\/p>\n<p>Bitte beachten Sie, das Mundst\u00fcck besteht aus sogenanntem \u201csweet iron\u201d und wird je nach Gebrauch fr\u00fcher oder sp\u00e4ter rosten.<br \/>\nDies ist gewollt und kein Garantiefall.<\/p>\n<p>Mecate aus der Kerstin Rester Kollektion:<\/p>\n<\/div>\n<\/div>\n<p>Die schicken handgearbeiteten 7P-Mecaten aus der Kerstin Rester Kollektion werden exklusiv f\u00fcr Bernd Hackl nach seinen Vorgaben in Deutschland geflochten. Die Mecaten gibt es in unterschiedlichen Farbvariationen.<\/p>\n<p>Die 7P-Mecaten aus der Kerstin Rester Kollektion sehen nicht nur toll aus, sie sind auch aufgrund der Qualit\u00e4t des Materials sehr robust und bestens geeignet f\u00fcr den tagt\u00e4glichen Gebrauch.<\/p>\n<p>&nbsp;<\/p>\n<div class=\"recommendedBox\">\n<div class=\"recommendedImage\"><img decoding=\"async\" src=\"https:\/\/www.berndhackl.de\/shop\/wp-content\/uploads\/2022\/02\/Kerstin.jpg\" \/><\/div>\n<div class=\"recommendedText\">\n<p class=\"recommendedHeadline\">Empfohlen von Kerstin Rester<\/p>\n<p class=\"recommendedSubHeadline\">Trainerin auf der 7P-Ranch<\/p>\n<p class=\"recommendedContent\"><a href=\"https:\/\/www.berndhackl.de\/good-people\/trainerprofil\/trainerin-kerstin-rester\/\" target=\"_blank\" rel=\"noopener\">Trainerprofil von Kerstin<\/a><\/p>\n<\/div>\n<\/div>\n","protected":false},"excerpt":{"rendered":"<p>Unser 7P-Cowboy-Bridle Complete Set besteht aus: &#8211; Bernd Hackl Kopfst\u00fcck in der Gr\u00f6\u00dfe Average, dunkles Leder, beidseitig verstellbar &#8211; Gebiss 12,5 cm &#8211; Kinnriemen &#8211; Slobber Straps round dunkel &#8211; Wahlweise Mecate aus der Kerstin Rester Kollektion &nbsp; Produktinfos: Kopfst\u00fcck aus der Bend Hackl Kollektion: Beidseitig verstellbares Kopfst\u00fcck aus schwerem Leder (Futurity Knot; dunkles Leder) [&hellip;]<\/p>\n","protected":false},"featured_media":28348,"template":"","meta":{"_acf_changed":false,"inline_featured_image":false},"product_brand":[],"product_cat":[223],"product_tag":[],"class_list":{"0":"post-28375","1":"product","2":"type-product","3":"status-publish","4":"has-post-thumbnail","6":"product_cat-cowgirls","8":"first","9":"instock","10":"taxable","11":"shipping-taxable","12":"purchasable","13":"product-type-variable"},"acf":[],"_links":{"self":[{"href":"https:\/\/www.berndhackl.de\/shop\/wp-json\/wp\/v2\/product\/28375","targetHints":{"allow":["GET"]}}],"collection":[{"href":"https:\/\/www.berndhackl.de\/shop\/wp-json\/wp\/v2\/product"}],"about":[{"href":"https:\/\/www.berndhackl.de\/shop\/wp-json\/wp\/v2\/types\/product"}],"wp:featuredmedia":[{"embeddable":true,"href":"https:\/\/www.berndhackl.de\/shop\/wp-json\/wp\/v2\/media\/28348"}],"wp:attachment":[{"href":"https:\/\/www.berndhackl.de\/shop\/wp-json\/wp\/v2\/media?parent=28375"}],"wp:term":[{"taxonomy":"product_brand","embeddable":true,"href":"https:\/\/www.berndhackl.de\/shop\/wp-json\/wp\/v2\/product_brand?post=28375"},{"taxonomy":"product_cat","embeddable":true,"href":"https:\/\/www.berndhackl.de\/shop\/wp-json\/wp\/v2\/product_cat?post=28375"},{"taxonomy":"product_tag","embeddable":true,"href":"https:\/\/www.berndhackl.de\/shop\/wp-json\/wp\/v2\/product_tag?post=28375"}],"curies":[{"name":"wp","href":"https:\/\/api.w.org\/{rel}","templated":true}]}}