{"id":28289,"date":"2023-02-20T12:07:47","date_gmt":"2023-02-20T11:07:47","guid":{"rendered":"https:\/\/www.berndhackl.de\/shop\/?post_type=product&#038;p=28289"},"modified":"2026-01-13T08:30:52","modified_gmt":"2026-01-13T07:30:52","slug":"halstuch-wild-rag-tuerkis-paisley","status":"publish","type":"product","link":"https:\/\/www.berndhackl.de\/shop\/produkt\/halstuch-wild-rag-tuerkis-paisley\/","title":{"rendered":"Halstuch \/ Wild Rag &#8211; T\u00fcrkis Paisley"},"content":{"rendered":"<p>&#8211; Halstuch<\/p>\n<p>&#8211; Farbe: T\u00fcrkis \/ Paisley Muster<\/p>\n<p>&#8211; 100% Seide<\/p>\n<p>&#8211; Ma\u00dfe: 92 x 92 cm<\/p>\n<h6 class=\"entry-title\">Is That A Wild Rag Around Your Neck, Cowboy?<\/h6>\n<p><span style=\"font-size: 11.0pt; font-family: 'Arial',sans-serif;\">Ein \u201cWild Rag\u201d ist ein Schal, der von Cowboys \/ Cowgirls um den Hals getragen wird. Seinen Ursprung hatte es bereits<span class=\"y2iqfc\"> in der Mitte des 19. Jahrhunderts, als Cowboys alte S\u00e4cke verwendeten, die in Quadrate geschnitten wurden, weil Stoffe wie Baumwolle entweder zu teuer oder schwer zu bekommen waren, w\u00e4hrend sie in der Pr\u00e4rie ihre t\u00e4gliche Arbeit verrichteten.<\/span><\/span><\/p>\n<p><span style=\"font-size: 11.0pt; font-family: 'Arial',sans-serif;\">Wild Rags werden sowohl von Cowboys als auch von Cowgirls entweder bei der Arbeit, aber mittlerweile vor allem auch in der Freizeit getragen.<\/span><\/p>\n<p><span style=\"font-size: 11.0pt; font-family: 'Arial',sans-serif;\">In der heutigen Zeit nutzen nicht nur Cowboys \/ Cowgirls die oftmals bunten Schals. Die stylischen T\u00fccher haben sich in den letzten Jahren von Halst\u00fcchern \u00fcber Kopfbedeckungen bis hin zu G\u00fcrteln als hippes Accessoire entwickelt.<\/span><\/p>\n<p><span style=\"font-size: 11.0pt; font-family: 'Arial',sans-serif;\">Aber wie auch immer du es benutzt, es gibt nur eine Regel: Trage dein Wild Rag mit Freude und Stolz!<\/span><\/p>\n<pre id=\"tw-target-text\" class=\"tw-data-text tw-text-large tw-ta\" dir=\"ltr\" data-placeholder=\"\u00dcbersetzung\"><span class=\"Y2IQFc\" lang=\"de\">\u00a0<\/span><\/pre>\n","protected":false},"excerpt":{"rendered":"<p>&#8211; Halstuch &#8211; Farbe: T\u00fcrkis \/ Paisley Muster &#8211; 100% Seide &#8211; Ma\u00dfe: 92 x 92 cm Is That A Wild Rag Around Your Neck, Cowboy? Ein \u201cWild Rag\u201d ist ein Schal, der von Cowboys \/ Cowgirls um den Hals getragen wird. Seinen Ursprung hatte es bereits in der Mitte des 19. Jahrhunderts, als Cowboys [&hellip;]<\/p>\n","protected":false},"featured_media":28290,"template":"","meta":{"_acf_changed":false,"inline_featured_image":false},"product_brand":[],"product_cat":[34,36,223,286],"product_tag":[],"class_list":{"0":"post-28289","1":"product","2":"type-product","3":"status-publish","4":"has-post-thumbnail","6":"product_cat-reiter","7":"product_cat-kleinigkeiten-geschenke","8":"product_cat-cowgirls","9":"product_cat-accessoires","11":"first","12":"outofstock","13":"taxable","14":"shipping-taxable","15":"purchasable","16":"product-type-simple"},"acf":[],"_links":{"self":[{"href":"https:\/\/www.berndhackl.de\/shop\/wp-json\/wp\/v2\/product\/28289","targetHints":{"allow":["GET"]}}],"collection":[{"href":"https:\/\/www.berndhackl.de\/shop\/wp-json\/wp\/v2\/product"}],"about":[{"href":"https:\/\/www.berndhackl.de\/shop\/wp-json\/wp\/v2\/types\/product"}],"wp:featuredmedia":[{"embeddable":true,"href":"https:\/\/www.berndhackl.de\/shop\/wp-json\/wp\/v2\/media\/28290"}],"wp:attachment":[{"href":"https:\/\/www.berndhackl.de\/shop\/wp-json\/wp\/v2\/media?parent=28289"}],"wp:term":[{"taxonomy":"product_brand","embeddable":true,"href":"https:\/\/www.berndhackl.de\/shop\/wp-json\/wp\/v2\/product_brand?post=28289"},{"taxonomy":"product_cat","embeddable":true,"href":"https:\/\/www.berndhackl.de\/shop\/wp-json\/wp\/v2\/product_cat?post=28289"},{"taxonomy":"product_tag","embeddable":true,"href":"https:\/\/www.berndhackl.de\/shop\/wp-json\/wp\/v2\/product_tag?post=28289"}],"curies":[{"name":"wp","href":"https:\/\/api.w.org\/{rel}","templated":true}]}}