{"id":27886,"date":"2022-12-12T16:19:11","date_gmt":"2022-12-12T15:19:11","guid":{"rendered":"https:\/\/www.berndhackl.de\/shop\/?post_type=product&#038;p=27886"},"modified":"2025-08-02T07:01:48","modified_gmt":"2025-08-02T05:01:48","slug":"bernd-hackl-reitideen-fuers-gelaende-cool-gelassen-durch-den-wald-mit-videoanalysen","status":"publish","type":"product","link":"https:\/\/www.berndhackl.de\/shop\/produkt\/bernd-hackl-reitideen-fuers-gelaende-cool-gelassen-durch-den-wald-mit-videoanalysen\/","title":{"rendered":"Bernd Hackl: Reitideen f\u00fcrs Gel\u00e4nde \u2013 cool &#038; gelassen durch den Wald \u2013 mit Videoanalysen"},"content":{"rendered":"<p>In diesem Webinar, das am Donnerstag, den 08. Dezember um 19:30 Uhr stattfindet, zeigt der Horseman, anhand von Bild- und Videoanalysen, wie ein Ausritt im Gel\u00e4nde zur entspannten Trainingseinheit werden kann.<\/p>\n<p>Horseman Bernd Hackl zeigt dir je nach Gel\u00e4ndebedingungen entsprechende \u00dcbungen, die du leicht umsetzen kannst und mit denen sich gute Trainingsfortschritte erzielen lassen.<br \/>\nDer Gedanke an einen Ritt durch die freie Natur l\u00f6st bei vielen ein ungutes Gef\u00fchl aus. Du kannst deinem Pferd nicht wirklich vertrauen und hast Angst, dass es vor unbekannten Dingen scheut oder durchgeht? Bernd erkl\u00e4rt dir, wie du dein Pony auf Angstobjekte vorbereitest und in unvorhergesehenen Situationen die Ruhe bewahrst und gezielt reagieren kannst.<\/p>\n<p>In diesem Webinar geht Bernd darauf ein, wie man sein Pferd auf Ausritte ins Gel\u00e4nde vorbereiten kann. Es gibt n\u00e4mlich nichts Sch\u00f6neres, als die Welt gemeinsam mit dem Pferd zu erkunden.<\/p>\n<p>&nbsp;<\/p>\n<div class=\"onlineStreamingBox\">\n<p>Die Aufzeichnung des Webinars kann als Online-Stream in Bernds Edudip Schulungs-Kanal ausgeliehen werden.<\/p>\n<div style=\"text-align: center;\"><strong><a id=\"extHackl\" class=\"single_add_to_cart_button button alt\" href=\"https:\/\/www.edudip.market\/w\/409510\" target=\"_blank\" rel=\"noopener\">Bernd Hackl: Reitideen f\u00fcrs Gel\u00e4nde \u2013 cool &amp; gelassen durch den Wald \u2013 mit Videoanalysen bei Edudip ausleihen <i class=\"fas fa-file-video\"><\/i><\/a><\/strong><\/div>\n<div style=\"margin-top: 20px; padding-top: 10px; border-top: 1px solid #f1e8db; text-align: center;\">Zuk\u00fcnftige Live-Webinare findet ihr in <a href=\"https:\/\/www.edudip.market\/academy\/bernd.hackl\" target=\"_blank\" rel=\"noopener\">Bernds Edudip Schulungs-Kanal<\/a>.<\/div>\n<\/div>\n<h6><\/h6>\n","protected":false},"excerpt":{"rendered":"<p>In diesem Webinar, das am Donnerstag, den 08. Dezember um 19:30 Uhr stattfindet, zeigt der Horseman, anhand von Bild- und Videoanalysen, wie ein Ausritt im Gel\u00e4nde zur entspannten Trainingseinheit werden kann. Horseman Bernd Hackl zeigt dir je nach Gel\u00e4ndebedingungen entsprechende \u00dcbungen, die du leicht umsetzen kannst und mit denen sich gute Trainingsfortschritte erzielen lassen. Der [&hellip;]<\/p>\n","protected":false},"featured_media":27887,"template":"","meta":{"_acf_changed":false,"inline_featured_image":false},"product_brand":[],"product_cat":[54,173],"product_tag":[],"class_list":{"0":"post-27886","1":"product","2":"type-product","3":"status-publish","4":"has-post-thumbnail","6":"product_cat-dvds","7":"product_cat-bernds-online-webinare","9":"first","10":"outofstock","11":"sold-individually","12":"product-type-simple"},"acf":[],"_links":{"self":[{"href":"https:\/\/www.berndhackl.de\/shop\/wp-json\/wp\/v2\/product\/27886","targetHints":{"allow":["GET"]}}],"collection":[{"href":"https:\/\/www.berndhackl.de\/shop\/wp-json\/wp\/v2\/product"}],"about":[{"href":"https:\/\/www.berndhackl.de\/shop\/wp-json\/wp\/v2\/types\/product"}],"wp:featuredmedia":[{"embeddable":true,"href":"https:\/\/www.berndhackl.de\/shop\/wp-json\/wp\/v2\/media\/27887"}],"wp:attachment":[{"href":"https:\/\/www.berndhackl.de\/shop\/wp-json\/wp\/v2\/media?parent=27886"}],"wp:term":[{"taxonomy":"product_brand","embeddable":true,"href":"https:\/\/www.berndhackl.de\/shop\/wp-json\/wp\/v2\/product_brand?post=27886"},{"taxonomy":"product_cat","embeddable":true,"href":"https:\/\/www.berndhackl.de\/shop\/wp-json\/wp\/v2\/product_cat?post=27886"},{"taxonomy":"product_tag","embeddable":true,"href":"https:\/\/www.berndhackl.de\/shop\/wp-json\/wp\/v2\/product_tag?post=27886"}],"curies":[{"name":"wp","href":"https:\/\/api.w.org\/{rel}","templated":true}]}}