{"id":27826,"date":"2022-12-06T10:02:12","date_gmt":"2022-12-06T09:02:12","guid":{"rendered":"https:\/\/www.berndhackl.de\/shop\/?post_type=product&#038;p=27826"},"modified":"2026-03-16T14:18:40","modified_gmt":"2026-03-16T13:18:40","slug":"mecate-7p-kollektion-pacific-blue","status":"publish","type":"product","link":"https:\/\/www.berndhackl.de\/shop\/produkt\/mecate-7p-kollektion-pacific-blue\/","title":{"rendered":"Mecate 7P-Kollektion Pacific Blue"},"content":{"rendered":"<p><strong>Mecate 3-farbig<br \/>\n<\/strong><\/p>\n<p>Zu einer typischen Art der Z\u00e4umung beim Westernreiten &#8211; geh\u00f6ren nat\u00fcrlich auch die Mecaten als Z\u00fcgel. Man kann diese an einem normalen Kopfst\u00fcck mit den sogenannten Slobber Straps am Gebiss befestigen oder mit einem Bosal verwenden.<\/p>\n<p>Die schicken handgearbeiteten 7P-Mecaten werden exklusiv f\u00fcr Kerstin Rester nach ihren Vorgaben in Deutschland geflochten. Die Mecaten gibt es in unterschiedlichen Farbvariationen.<\/p>\n<p>Die 7P-Mecaten sehen nicht nur toll aus, sie sind auch aufgrund der Qualit\u00e4t des Materials sehr robust und bestens geeignet f\u00fcr den tagt\u00e4glichen Gebrauch.<\/p>\n<p><strong>\u00dcbrigens:<\/strong> Mecaten werden in den USA auch h\u00e4ufig als Longier-Leine verwendet!<\/p>\n<p><strong>Die Details:<br \/>\n<\/strong>&#8211; Mecate in unterschiedlichen Farbvarianten<br \/>\n&#8211; solide geflochtenes Nylon Material \/ Paracord 550 Typ III<br \/>\n&#8211; ca. 1 cm Durchmesser<br \/>\n&#8211;\u00a0ca. 6 m L\u00e4nge<br \/>\n&#8211; Leder-Popper<\/p>\n<p>Nicht in der Lieferung enthalten sind die Slobber Straps zur Befestigung am Kopfst\u00fcck! Diese k\u00f6nnen gesondert in unserem Shop bestellt werden.<\/p>\n<div class=\"recommendedImage\"><img decoding=\"async\" src=\"https:\/\/www.berndhackl.de\/shop\/wp-content\/uploads\/2022\/02\/Kerstin.jpg\" \/><\/div>\n<div class=\"recommendedText\">\n<p class=\"recommendedHeadline\">Empfohlen von Kerstin Rester<\/p>\n<p class=\"recommendedSubHeadline\">Trainerin auf der 7P-Ranch<\/p>\n<p class=\"recommendedContent\"><a href=\"https:\/\/www.berndhackl.de\/good-people\/trainerprofil\/trainerin-kerstin-rester\/\" target=\"_blank\" rel=\"noopener\">Trainerprofil von Kerstin<\/a><\/p>\n<\/div>\n<p>&nbsp;<\/p>\n","protected":false},"excerpt":{"rendered":"<p>Mecate 3-farbig Zu einer typischen Art der Z\u00e4umung beim Westernreiten &#8211; geh\u00f6ren nat\u00fcrlich auch die Mecaten als Z\u00fcgel. Man kann diese an einem normalen Kopfst\u00fcck mit den sogenannten Slobber Straps am Gebiss befestigen oder mit einem Bosal verwenden. Die schicken handgearbeiteten 7P-Mecaten werden exklusiv f\u00fcr Kerstin Rester nach ihren Vorgaben in Deutschland geflochten. Die Mecaten [&hellip;]<\/p>\n","protected":false},"featured_media":27827,"template":"","meta":{"_acf_changed":false,"inline_featured_image":false},"product_brand":[],"product_cat":[129,132,223],"product_tag":[],"class_list":{"0":"post-27826","1":"product","2":"type-product","3":"status-publish","4":"has-post-thumbnail","6":"product_cat-mecaten-7p-kollektion","7":"product_cat-mecaten-7p-kollektion-3-farbig","8":"product_cat-cowgirls","10":"first","11":"outofstock","12":"taxable","13":"shipping-taxable","14":"purchasable","15":"product-type-simple"},"acf":[],"_links":{"self":[{"href":"https:\/\/www.berndhackl.de\/shop\/wp-json\/wp\/v2\/product\/27826","targetHints":{"allow":["GET"]}}],"collection":[{"href":"https:\/\/www.berndhackl.de\/shop\/wp-json\/wp\/v2\/product"}],"about":[{"href":"https:\/\/www.berndhackl.de\/shop\/wp-json\/wp\/v2\/types\/product"}],"wp:featuredmedia":[{"embeddable":true,"href":"https:\/\/www.berndhackl.de\/shop\/wp-json\/wp\/v2\/media\/27827"}],"wp:attachment":[{"href":"https:\/\/www.berndhackl.de\/shop\/wp-json\/wp\/v2\/media?parent=27826"}],"wp:term":[{"taxonomy":"product_brand","embeddable":true,"href":"https:\/\/www.berndhackl.de\/shop\/wp-json\/wp\/v2\/product_brand?post=27826"},{"taxonomy":"product_cat","embeddable":true,"href":"https:\/\/www.berndhackl.de\/shop\/wp-json\/wp\/v2\/product_cat?post=27826"},{"taxonomy":"product_tag","embeddable":true,"href":"https:\/\/www.berndhackl.de\/shop\/wp-json\/wp\/v2\/product_tag?post=27826"}],"curies":[{"name":"wp","href":"https:\/\/api.w.org\/{rel}","templated":true}]}}