{"id":27465,"date":"2022-10-31T15:58:26","date_gmt":"2022-10-31T14:58:26","guid":{"rendered":"https:\/\/www.berndhackl.de\/shop\/?post_type=product&#038;p=27465"},"modified":"2025-08-02T07:00:11","modified_gmt":"2025-08-02T05:00:11","slug":"bernd-hackl-gerittene-arbeit-im-gelaende-mehr-als-nur-ausreiten-mit-videoanalysen","status":"publish","type":"product","link":"https:\/\/www.berndhackl.de\/shop\/produkt\/bernd-hackl-gerittene-arbeit-im-gelaende-mehr-als-nur-ausreiten-mit-videoanalysen\/","title":{"rendered":"Bernd Hackl: Gerittene Arbeit im Gel\u00e4nde &#8211; mehr als nur Ausreiten &#8211; mit Videoanalysen"},"content":{"rendered":"<p>In diesem Webinar zeigt der Horseman anhand von Bild- und Videoanalysen, wie ein Ausritt im Gel\u00e4nde zur entspannten Trainingseinheit werden kann.<br \/>\nReiten in der Halle oder auf dem Reitplatz kann f\u00fcr Reiter und Pferd auf die Dauer sehr eint\u00f6nig sein.<\/p>\n<p>Die nat\u00fcrliche Umgebung des Pferdes ist die Natur, deshalb tr\u00e4gt ein gemeinsamer Ausritt zum Wohlbefinden von Ross und Reiter bei.<br \/>\nDabei ist die Kontrolle des Pferdes ein wichtiger Bestandteil eines entspannten Rittes abseits der sch\u00fctzenden vier W\u00e4nde der Halle oder des Reitplatzes. Horseman Bernd Hackl zeigt dir, wie du spielerisch die Sicherheit erlangst, deinem Pferd zu vertrauen oder wie du in unvorhergesehenen Situationen reagieren kannst.<\/p>\n<p>Gleichzeitig kann ein Ausritt das Training des Pferdes positiv unterst\u00fctzen. Denn das Ausreiten ist mehr, als sich nur auf dem R\u00fccken des Pferdes durch Wald und Feld tragen zu lassen. Das Auf und Ab in h\u00fcgeligem Gel\u00e4nde f\u00f6rdert die Koordination und den Aufbau der Muskulatur unserer Ponys.<br \/>\nBernd zeigt in diesem Webinar \u00dcbungen, wie du dieses Training gezielt einsetzen kannst. Er geht auf Lockerungs\u00fcbungen ein, mit denen du dein Pferd auch ohne Halle und Reitplatz gymnastizieren kannst und ihr beide gemeinsam viel Spa\u00df haben k\u00f6nnt.<\/p>\n<p>&nbsp;<\/p>\n<div class=\"onlineStreamingBox\">\n<p>Die Aufzeichnung des Webinars kann als Online-Stream in Bernds Edudip Schulungs-Kanal ausgeliehen werden.<\/p>\n<div style=\"text-align: center;\"><strong><a id=\"extHackl\" class=\"single_add_to_cart_button button alt\" href=\"https:\/\/www.edudip.market\/w\/408228\" target=\"_blank\" rel=\"noopener\">Bernd Hackl: Gerittene Arbeit im Gel\u00e4nde &#8211; mehr als nur Ausreiten &#8211; mit Videoanalysen bei Edudip ausleihen <i class=\"fas fa-file-video\"><\/i><\/a><\/strong><\/div>\n<div style=\"margin-top: 20px; padding-top: 10px; border-top: 1px solid #f1e8db; text-align: center;\">Zuk\u00fcnftige Live-Webinare findet ihr in <a href=\"https:\/\/www.edudip.market\/academy\/bernd.hackl\" target=\"_blank\" rel=\"noopener\">Bernds Edudip Schulungs-Kanal<\/a>.<\/div>\n<\/div>\n<h6><\/h6>\n","protected":false},"excerpt":{"rendered":"<p>In diesem Webinar zeigt der Horseman anhand von Bild- und Videoanalysen, wie ein Ausritt im Gel\u00e4nde zur entspannten Trainingseinheit werden kann. Reiten in der Halle oder auf dem Reitplatz kann f\u00fcr Reiter und Pferd auf die Dauer sehr eint\u00f6nig sein. Die nat\u00fcrliche Umgebung des Pferdes ist die Natur, deshalb tr\u00e4gt ein gemeinsamer Ausritt zum Wohlbefinden [&hellip;]<\/p>\n","protected":false},"featured_media":27466,"template":"","meta":{"_acf_changed":false,"inline_featured_image":false},"product_brand":[],"product_cat":[54,173],"product_tag":[],"class_list":{"0":"post-27465","1":"product","2":"type-product","3":"status-publish","4":"has-post-thumbnail","6":"product_cat-dvds","7":"product_cat-bernds-online-webinare","9":"first","10":"outofstock","11":"sold-individually","12":"product-type-simple"},"acf":[],"_links":{"self":[{"href":"https:\/\/www.berndhackl.de\/shop\/wp-json\/wp\/v2\/product\/27465","targetHints":{"allow":["GET"]}}],"collection":[{"href":"https:\/\/www.berndhackl.de\/shop\/wp-json\/wp\/v2\/product"}],"about":[{"href":"https:\/\/www.berndhackl.de\/shop\/wp-json\/wp\/v2\/types\/product"}],"wp:featuredmedia":[{"embeddable":true,"href":"https:\/\/www.berndhackl.de\/shop\/wp-json\/wp\/v2\/media\/27466"}],"wp:attachment":[{"href":"https:\/\/www.berndhackl.de\/shop\/wp-json\/wp\/v2\/media?parent=27465"}],"wp:term":[{"taxonomy":"product_brand","embeddable":true,"href":"https:\/\/www.berndhackl.de\/shop\/wp-json\/wp\/v2\/product_brand?post=27465"},{"taxonomy":"product_cat","embeddable":true,"href":"https:\/\/www.berndhackl.de\/shop\/wp-json\/wp\/v2\/product_cat?post=27465"},{"taxonomy":"product_tag","embeddable":true,"href":"https:\/\/www.berndhackl.de\/shop\/wp-json\/wp\/v2\/product_tag?post=27465"}],"curies":[{"name":"wp","href":"https:\/\/api.w.org\/{rel}","templated":true}]}}