{"id":27304,"date":"2022-09-14T11:41:30","date_gmt":"2022-09-14T09:41:30","guid":{"rendered":"https:\/\/www.berndhackl.de\/shop\/?post_type=product&#038;p=27304"},"modified":"2025-08-02T06:58:48","modified_gmt":"2025-08-02T04:58:48","slug":"bernd-hackl-reloaded-mit-neuen-videos-die-bedeutung-unserer-koerpersprache-in-der-kommunikation-mit-pferden-mit-videoanalysen","status":"publish","type":"product","link":"https:\/\/www.berndhackl.de\/shop\/produkt\/bernd-hackl-reloaded-mit-neuen-videos-die-bedeutung-unserer-koerpersprache-in-der-kommunikation-mit-pferden-mit-videoanalysen\/","title":{"rendered":"Bernd Hackl: Reloaded mit neuen Videos: Die Bedeutung unserer K\u00f6rpersprache in der Kommunikation mit Pferden &#8211; mit Videoanalysen"},"content":{"rendered":"<p>In diesem Webinar, zeigt der Horseman, anhand von Bild- und Videoanalysen, wie es gelingt, dass das Pferd die K\u00f6rpersprache seines Menschen besser versteht. Denn die K\u00f6rperspannung eines Pferdes und die Bewegung seiner Beine k\u00f6nnen wir Menschen \u00fcber die Koordination unseres eigenen K\u00f6rpers stark beeinflussen.<\/p>\n<p>Als Flucht- und Beutetier sind Pferde eigentlich absolute Meister darin die K\u00f6rpersprache ihres Gegen\u00fcbers zu deuten. Dies tun sie sowohl bei ihren Artgenossen als auch bei uns Menschen. Sie k\u00f6nnen Stimmungen binnen Sekundenbruchteilen erkennen und reagieren sofort darauf. Daher ist es enorm wichtig, dass wir eine gewisse Routine und Gleichm\u00e4\u00dfigkeit in unsere K\u00f6rpersprache bringen. Eine harmonische Zusammenarbeit mit unseren Pferden mittels der Kommunikation unserer K\u00f6rpersprache ist ein erstrebenswertes Ziel, allerdings birgt diese Art und Weise der nonverbalen Verst\u00e4ndigung auch einige Stolpersteine.<\/p>\n<p>Wir sollten uns schon vor Beginn der Trainingseinheit im Klaren dar\u00fcber sein, an was wir im anstehenden Training mit dem Pferd arbeiten wollen. Mensch geben oft gleichzeitig unterschiedliche Signale an das Pferd, die einander widersprechen. Somit senden wir oftmals widerspr\u00fcchliche Impulse an den Vierbeiner. In der Kommunikation kann dies zu Stresssituationen in der Zusammenarbeit f\u00fchren.<\/p>\n<p>&#8222;Wie begegne ich R\u00fcppeligkeiten und Ignoranz und was ist zu tun, wenn ich mein Pferd zur Koppel ziehen muss oder es mich ungewollter Weise dorthin zieht? Die Basis im Umgang mit unseren Pferden sollte eine korrekte und somit klare K\u00f6rpersprache sein, die Vertrauen f\u00f6rdert und Missverst\u00e4ndnisse in der Kommunikation verhindert. Ich freue mich darauf, daran im Webinar mit euch arbeiten zu d\u00fcrfen&#8220;, so der &#8222;Pferdeprofi&#8220;.<\/p>\n<p>&nbsp;<\/p>\n<div class=\"onlineStreamingBox\">\n<p>Die Aufzeichnung des Webinars kann als Online-Stream in Bernds Edudip Schulungs-Kanal ausgeliehen werden.<\/p>\n<div style=\"text-align: center;\"><strong><a id=\"extHackl\" class=\"single_add_to_cart_button button alt\" href=\"https:\/\/www.edudip.market\/w\/406908\" target=\"_blank\" rel=\"noopener\">Bernd Hackl: Reloaded mit neuen Videos: Die Bedeutung unserer K\u00f6rpersprache in der Kommunikation mit Pferden &#8211; mit Videoanalysen bei Edudip ausleihen <i class=\"fas fa-file-video\"><\/i><\/a><\/strong><\/div>\n<div style=\"margin-top: 20px; padding-top: 10px; border-top: 1px solid #f1e8db; text-align: center;\">Zuk\u00fcnftige Live-Webinare findet ihr in <a href=\"https:\/\/www.edudip.market\/academy\/bernd.hackl\" target=\"_blank\" rel=\"noopener\">Bernds Edudip Schulungs-Kanal<\/a>.<\/div>\n<\/div>\n<h6><\/h6>\n","protected":false},"excerpt":{"rendered":"<p>In diesem Webinar, zeigt der Horseman, anhand von Bild- und Videoanalysen, wie es gelingt, dass das Pferd die K\u00f6rpersprache seines Menschen besser versteht. Denn die K\u00f6rperspannung eines Pferdes und die Bewegung seiner Beine k\u00f6nnen wir Menschen \u00fcber die Koordination unseres eigenen K\u00f6rpers stark beeinflussen. Als Flucht- und Beutetier sind Pferde eigentlich absolute Meister darin die [&hellip;]<\/p>\n","protected":false},"featured_media":27066,"template":"","meta":{"_acf_changed":false,"inline_featured_image":false},"product_brand":[],"product_cat":[54,173],"product_tag":[],"class_list":{"0":"post-27304","1":"product","2":"type-product","3":"status-publish","4":"has-post-thumbnail","6":"product_cat-dvds","7":"product_cat-bernds-online-webinare","9":"first","10":"outofstock","11":"sold-individually","12":"product-type-simple"},"acf":[],"_links":{"self":[{"href":"https:\/\/www.berndhackl.de\/shop\/wp-json\/wp\/v2\/product\/27304","targetHints":{"allow":["GET"]}}],"collection":[{"href":"https:\/\/www.berndhackl.de\/shop\/wp-json\/wp\/v2\/product"}],"about":[{"href":"https:\/\/www.berndhackl.de\/shop\/wp-json\/wp\/v2\/types\/product"}],"wp:featuredmedia":[{"embeddable":true,"href":"https:\/\/www.berndhackl.de\/shop\/wp-json\/wp\/v2\/media\/27066"}],"wp:attachment":[{"href":"https:\/\/www.berndhackl.de\/shop\/wp-json\/wp\/v2\/media?parent=27304"}],"wp:term":[{"taxonomy":"product_brand","embeddable":true,"href":"https:\/\/www.berndhackl.de\/shop\/wp-json\/wp\/v2\/product_brand?post=27304"},{"taxonomy":"product_cat","embeddable":true,"href":"https:\/\/www.berndhackl.de\/shop\/wp-json\/wp\/v2\/product_cat?post=27304"},{"taxonomy":"product_tag","embeddable":true,"href":"https:\/\/www.berndhackl.de\/shop\/wp-json\/wp\/v2\/product_tag?post=27304"}],"curies":[{"name":"wp","href":"https:\/\/api.w.org\/{rel}","templated":true}]}}