{"id":26674,"date":"2022-06-03T10:47:11","date_gmt":"2022-06-03T08:47:11","guid":{"rendered":"https:\/\/www.berndhackl.de\/shop\/?post_type=product&#038;p=26674"},"modified":"2025-12-08T23:36:56","modified_gmt":"2025-12-08T22:36:56","slug":"bernd-hackl-extreme-trail-parcours","status":"publish","type":"product","link":"https:\/\/www.berndhackl.de\/shop\/produkt\/bernd-hackl-extreme-trail-parcours\/","title":{"rendered":"Bernd Hackl und Kerstin Rester: Buch \u201eExtreme Trail Parcours&#8220;"},"content":{"rendered":"<p><strong>Extreme Trail Parcours<\/strong><\/p>\n<p><strong>Autoren: Bernd Hackl + Kerstin Rester<\/strong><\/p>\n<p>Bodenarbeit f\u00fcr Unerschrockene: Im Extreme Trail Parcours mit seinen ungew\u00f6hnlichen Hindernissen beweisen sich Pferd und Mensch als perfektes Team. Liegende Baumst\u00e4mme, H\u00e4ngebr\u00fccken oder Wippen bilden spannende Herausforderungen f\u00fcr alle Bodenarbeit-Freaks. Doch kann der Trail auch geritten werden. Was muss das Pferd daf\u00fcr k\u00f6nnen? Wie bereite ich es vor? Welche \u00dcbungen sind der richtige Einstieg und wie kann ich auch zu Hause \u00fcben? Und schlie\u00dflich: Wie kann ich den Parcours auch im Sattel \u00fcberwinden? Bernd Hackl und Co-Trainerin Kerstin Rester zeigen, wie aus \u00e4ngstlichen Pferden Helden werden.<\/p>\n<p><strong>ISBN 978-3-440-17349-7<br \/>\nSeiten: 128<br \/>\nKlappenbroschur<br \/>\n17 x 24 cm<br \/>\nFarbfotos: 100<br \/>\n<\/strong><\/p>\n<p><strong>Bernd Hackl<\/strong> ist ein erfahrener Pferdetrainer. \u00dcber 500 Pferde wurden von ihm ausgebildet oder korrigiert.<br \/>\nHier zeigt er reitweisen-unabh\u00e4ngig die Grundausbildung junger Pferde von der ersten Kontaktaufnahme bis zum Anreiten.<br \/>\nSeine erfolgreichen, hundertfach erprobte Methode basiert darauf, durch die richtige Basisausbildung von Anfang an sp\u00e4teren Problemen vorzubeugen.<\/p>\n<p><b>Kerstin Rester <\/b>ist Trainerin auf der 7P-Ranch und fester Bestandteil im Trainerteam bei der Ausbildung der Pferde. Bekannt geworden ist sie durch ihre Auftritte an der Seite von Bernd Hackl in der Vox-Sendung \u201eDie Pferdeprofis\u201c.<\/p>\n<p>&nbsp;<\/p>\n<p>&nbsp;<\/p>\n<p>&nbsp;<\/p>\n","protected":false},"excerpt":{"rendered":"<p>Extreme Trail Parcours Autoren: Bernd Hackl + Kerstin Rester Bodenarbeit f\u00fcr Unerschrockene: Im Extreme Trail Parcours mit seinen ungew\u00f6hnlichen Hindernissen beweisen sich Pferd und Mensch als perfektes Team. Liegende Baumst\u00e4mme, H\u00e4ngebr\u00fccken oder Wippen bilden spannende Herausforderungen f\u00fcr alle Bodenarbeit-Freaks. Doch kann der Trail auch geritten werden. Was muss das Pferd daf\u00fcr k\u00f6nnen? Wie bereite ich [&hellip;]<\/p>\n","protected":false},"featured_media":26675,"template":"","meta":{"_acf_changed":false,"inline_featured_image":false},"product_brand":[],"product_cat":[60,39,56],"product_tag":[],"class_list":{"0":"post-26674","1":"product","2":"type-product","3":"status-publish","4":"has-post-thumbnail","6":"product_cat-bernds-buecher","7":"product_cat-buecher","8":"product_cat-beststeller","10":"first","11":"outofstock","12":"taxable","13":"shipping-taxable","14":"purchasable","15":"product-type-simple"},"acf":[],"_links":{"self":[{"href":"https:\/\/www.berndhackl.de\/shop\/wp-json\/wp\/v2\/product\/26674","targetHints":{"allow":["GET"]}}],"collection":[{"href":"https:\/\/www.berndhackl.de\/shop\/wp-json\/wp\/v2\/product"}],"about":[{"href":"https:\/\/www.berndhackl.de\/shop\/wp-json\/wp\/v2\/types\/product"}],"wp:featuredmedia":[{"embeddable":true,"href":"https:\/\/www.berndhackl.de\/shop\/wp-json\/wp\/v2\/media\/26675"}],"wp:attachment":[{"href":"https:\/\/www.berndhackl.de\/shop\/wp-json\/wp\/v2\/media?parent=26674"}],"wp:term":[{"taxonomy":"product_brand","embeddable":true,"href":"https:\/\/www.berndhackl.de\/shop\/wp-json\/wp\/v2\/product_brand?post=26674"},{"taxonomy":"product_cat","embeddable":true,"href":"https:\/\/www.berndhackl.de\/shop\/wp-json\/wp\/v2\/product_cat?post=26674"},{"taxonomy":"product_tag","embeddable":true,"href":"https:\/\/www.berndhackl.de\/shop\/wp-json\/wp\/v2\/product_tag?post=26674"}],"curies":[{"name":"wp","href":"https:\/\/api.w.org\/{rel}","templated":true}]}}