{"id":24415,"date":"2021-08-16T10:47:23","date_gmt":"2021-08-16T08:47:23","guid":{"rendered":"https:\/\/www.berndhackl.de\/shop\/?post_type=product&#038;p=24415"},"modified":"2026-01-12T08:14:11","modified_gmt":"2026-01-12T07:14:11","slug":"die-pferdeprofis","status":"publish","type":"product","link":"https:\/\/www.berndhackl.de\/shop\/produkt\/die-pferdeprofis\/","title":{"rendered":"\u201eDie Pferdeprofis\u201c"},"content":{"rendered":"<p>Die Pferdeprofis<\/p>\n<p>Spannende F\u00e4lle aus dem Pferdealltag<\/p>\n<p>Bernd Hackl, Katja Schnabel<\/p>\n<p>In der erfolgreichen Coaching-Doku &#8218;Die Pferdeprofis&#8216; stellen die Pferdetrainer Bernd Hackl und Katja Schnabel Problempferde vor, die ihre Menschen geh\u00f6rig auf Trab halten. Mit viel Einf\u00fchlungsverm\u00f6gen und Kompetenz gelingt es den erfahrenen &#8218;Horsemen&#8216;, die Harmonie zwischen Pferd und Reiter wieder herzustellen. In diesem Buch stellen sie ihre interessantesten F\u00e4lle vor, erl\u00e4utern die Ursachen von auff\u00e4lligem Pferdeverhalten und zeigen, wie man die Probleme l\u00f6st. Alle Trainingsschritte werden ausf\u00fchrlich beschrieben, sodass sie mit dem eigenen Pferd ge\u00fcbt werden k\u00f6nnen.<br \/>\nAb 12 Jahren!<\/p>\n<p>Ma\u00dfe: 21,3 x 17 cm<\/p>\n<p>128 Seiten<br \/>\nISBN: 9783440159446<\/p>\n","protected":false},"excerpt":{"rendered":"<p>Die Pferdeprofis Spannende F\u00e4lle aus dem Pferdealltag Bernd Hackl, Katja Schnabel In der erfolgreichen Coaching-Doku &#8218;Die Pferdeprofis&#8216; stellen die Pferdetrainer Bernd Hackl und Katja Schnabel Problempferde vor, die ihre Menschen geh\u00f6rig auf Trab halten. Mit viel Einf\u00fchlungsverm\u00f6gen und Kompetenz gelingt es den erfahrenen &#8218;Horsemen&#8216;, die Harmonie zwischen Pferd und Reiter wieder herzustellen. In diesem Buch [&hellip;]<\/p>\n","protected":false},"featured_media":24416,"template":"","meta":{"_acf_changed":false,"inline_featured_image":false},"product_brand":[],"product_cat":[39,56,60],"product_tag":[],"class_list":{"0":"post-24415","1":"product","2":"type-product","3":"status-publish","4":"has-post-thumbnail","6":"product_cat-buecher","7":"product_cat-beststeller","8":"product_cat-bernds-buecher","10":"first","11":"instock","12":"taxable","13":"shipping-taxable","14":"purchasable","15":"product-type-simple"},"acf":[],"_links":{"self":[{"href":"https:\/\/www.berndhackl.de\/shop\/wp-json\/wp\/v2\/product\/24415","targetHints":{"allow":["GET"]}}],"collection":[{"href":"https:\/\/www.berndhackl.de\/shop\/wp-json\/wp\/v2\/product"}],"about":[{"href":"https:\/\/www.berndhackl.de\/shop\/wp-json\/wp\/v2\/types\/product"}],"wp:featuredmedia":[{"embeddable":true,"href":"https:\/\/www.berndhackl.de\/shop\/wp-json\/wp\/v2\/media\/24416"}],"wp:attachment":[{"href":"https:\/\/www.berndhackl.de\/shop\/wp-json\/wp\/v2\/media?parent=24415"}],"wp:term":[{"taxonomy":"product_brand","embeddable":true,"href":"https:\/\/www.berndhackl.de\/shop\/wp-json\/wp\/v2\/product_brand?post=24415"},{"taxonomy":"product_cat","embeddable":true,"href":"https:\/\/www.berndhackl.de\/shop\/wp-json\/wp\/v2\/product_cat?post=24415"},{"taxonomy":"product_tag","embeddable":true,"href":"https:\/\/www.berndhackl.de\/shop\/wp-json\/wp\/v2\/product_tag?post=24415"}],"curies":[{"name":"wp","href":"https:\/\/api.w.org\/{rel}","templated":true}]}}