{"id":24058,"date":"2021-06-22T12:34:19","date_gmt":"2021-06-22T10:34:19","guid":{"rendered":"https:\/\/www.berndhackl.de\/shop\/?post_type=product&#038;p=24058"},"modified":"2026-01-30T11:10:09","modified_gmt":"2026-01-30T10:10:09","slug":"7p-kollektion-tank-top-damen-schwarz","status":"publish","type":"product","link":"https:\/\/www.berndhackl.de\/shop\/produkt\/7p-kollektion-tank-top-damen-schwarz\/","title":{"rendered":"7P-Kollektion Tank Top Damen schwarz"},"content":{"rendered":"<div id=\"d-d32\" class=\"pt-details__info\">\n<div id=\"d-d33\" class=\"pt-details__txt\">\n<p>Tank Top aus der 7P-Kollektion. Dieses Tank Top geh\u00f6rt zur Wohlf\u00fchl-Grundausstattung eines echten Cowgirls.<\/p>\n<ul class=\"listMCE\">\n<li>Farbe Cobalt Blue<\/li>\n<li>Druck hinten<\/li>\n<li>Legerer Medium Fit \/ lockere Passform<\/li>\n<li>100% gek\u00e4mmte, ringgesponnene Bio-Baumwolle<\/li>\n<li>schmaler, im selben Material eingefasster Kragen<\/li>\n<li>Weicher Bio-Jersey<\/li>\n<li>Weiche und ebenm\u00e4\u00dfige Oberfl\u00e4che<\/li>\n<li>Grammatur 140g\/m2<\/li>\n<li>30 Grad auf links maschinenwaschbar<\/li>\n<li>Nicht in den Trockner<\/li>\n<\/ul>\n<p>Mit diesem Tank Top aus der 7P-Kollektion wirst du immer eine gute Figur machen.<\/p>\n<\/div>\n<\/div>\n<p>&nbsp;<\/p>\n<p>&nbsp;<\/p>\n<p>&nbsp;<\/p>\n<p>&nbsp;<\/p>\n","protected":false},"excerpt":{"rendered":"<p>Tank Top aus der 7P-Kollektion. Dieses Tank Top geh\u00f6rt zur Wohlf\u00fchl-Grundausstattung eines echten Cowgirls. Farbe Cobalt Blue Druck hinten Legerer Medium Fit \/ lockere Passform 100% gek\u00e4mmte, ringgesponnene Bio-Baumwolle schmaler, im selben Material eingefasster Kragen Weicher Bio-Jersey Weiche und ebenm\u00e4\u00dfige Oberfl\u00e4che Grammatur 140g\/m2 30 Grad auf links maschinenwaschbar Nicht in den Trockner Mit diesem Tank [&hellip;]<\/p>\n","protected":false},"featured_media":24064,"template":"","meta":{"_acf_changed":false,"inline_featured_image":false},"product_brand":[],"product_cat":[183,34,35],"product_tag":[],"class_list":{"0":"post-24058","1":"product","2":"type-product","3":"status-publish","4":"has-post-thumbnail","6":"product_cat-damen-shirts","7":"product_cat-reiter","8":"product_cat-kleidung","10":"first","11":"outofstock","12":"taxable","13":"shipping-taxable","14":"purchasable","15":"product-type-variable"},"acf":[],"_links":{"self":[{"href":"https:\/\/www.berndhackl.de\/shop\/wp-json\/wp\/v2\/product\/24058","targetHints":{"allow":["GET"]}}],"collection":[{"href":"https:\/\/www.berndhackl.de\/shop\/wp-json\/wp\/v2\/product"}],"about":[{"href":"https:\/\/www.berndhackl.de\/shop\/wp-json\/wp\/v2\/types\/product"}],"wp:featuredmedia":[{"embeddable":true,"href":"https:\/\/www.berndhackl.de\/shop\/wp-json\/wp\/v2\/media\/24064"}],"wp:attachment":[{"href":"https:\/\/www.berndhackl.de\/shop\/wp-json\/wp\/v2\/media?parent=24058"}],"wp:term":[{"taxonomy":"product_brand","embeddable":true,"href":"https:\/\/www.berndhackl.de\/shop\/wp-json\/wp\/v2\/product_brand?post=24058"},{"taxonomy":"product_cat","embeddable":true,"href":"https:\/\/www.berndhackl.de\/shop\/wp-json\/wp\/v2\/product_cat?post=24058"},{"taxonomy":"product_tag","embeddable":true,"href":"https:\/\/www.berndhackl.de\/shop\/wp-json\/wp\/v2\/product_tag?post=24058"}],"curies":[{"name":"wp","href":"https:\/\/api.w.org\/{rel}","templated":true}]}}