{"id":23542,"date":"2021-04-21T16:08:10","date_gmt":"2021-04-21T14:08:10","guid":{"rendered":"https:\/\/www.berndhackl.de\/shop\/?post_type=product&#038;p=23542"},"modified":"2026-01-13T12:36:05","modified_gmt":"2026-01-13T11:36:05","slug":"7p-kollektion-zip-jacke-herren-schwarz-stickung-grau-blau","status":"publish","type":"product","link":"https:\/\/www.berndhackl.de\/shop\/produkt\/7p-kollektion-zip-jacke-herren-schwarz-stickung-grau-blau\/","title":{"rendered":"7P-Kollektion ZIP-Jacke Herren schwarz \/ Stickung beige-blau"},"content":{"rendered":"<div id=\"d-d32\" class=\"pt-details__info\">\n<div id=\"d-d33\" class=\"pt-details__txt\">\n<p>ZIP-Sweatjacke aus der 7P-Kollektion. Diese bequeme Jacke mit Kapuze geh\u00f6rt zur Wohlf\u00fchl-Grundausstattung eines echten Cowboys.<\/p>\n<ul class=\"listMCE\">\n<li>Farbe schwarz<\/li>\n<li>Stickung beige-blau<\/li>\n<li>Bequemer Schnitt<\/li>\n<li>Leicht verl\u00e4ngerte \u00c4rmel<\/li>\n<li>Versteckte \u00d6ffnung f\u00fcr Kopfh\u00f6rerkabel in der K\u00e4ngurutasche<\/li>\n<li>30 Grad maschienenwaschbar<\/li>\n<li>Trocknergeeigent<\/li>\n<li>Robuste Stoffqualit\u00e4t (280 g\/m\u00b2) und weich angeraute Innenseite<\/li>\n<li>80% Baumwolle, 20% Polyester<\/li>\n<\/ul>\n<\/div>\n<\/div>\n<p>Egal ob im Stall oder beim\u00a0 Ausreiten, mit dieser Sweatjacke aus der 7P-Kollektion wirst du immer eine gute Figur machen.<\/p>\n<p>Beim gem\u00fctlichen Zusammensitzen beim BBQ wird es am Abend frisch, im Fr\u00fchjahr gibt sich das Wetter launisch beim Reiten, der Herbstwind fegt durch die Stallgasse? Diese Sweatjacke ist\u00a0 deine ultimative Geheimwaffe dagegen.<\/p>\n<p>&nbsp;<\/p>\n<p>&nbsp;<\/p>\n<p>&nbsp;<\/p>\n","protected":false},"excerpt":{"rendered":"<p>ZIP-Sweatjacke aus der 7P-Kollektion. Diese bequeme Jacke mit Kapuze geh\u00f6rt zur Wohlf\u00fchl-Grundausstattung eines echten Cowboys. Farbe schwarz Stickung beige-blau Bequemer Schnitt Leicht verl\u00e4ngerte \u00c4rmel Versteckte \u00d6ffnung f\u00fcr Kopfh\u00f6rerkabel in der K\u00e4ngurutasche 30 Grad maschienenwaschbar Trocknergeeigent Robuste Stoffqualit\u00e4t (280 g\/m\u00b2) und weich angeraute Innenseite 80% Baumwolle, 20% Polyester Egal ob im Stall oder beim\u00a0 Ausreiten, mit [&hellip;]<\/p>\n","protected":false},"featured_media":23576,"template":"","meta":{"_acf_changed":false,"inline_featured_image":false},"product_brand":[],"product_cat":[142,182,34,35],"product_tag":[],"class_list":{"0":"post-23542","1":"product","2":"type-product","3":"status-publish","4":"has-post-thumbnail","6":"product_cat-herren","7":"product_cat-herren-hoodies-und-jacken","8":"product_cat-reiter","9":"product_cat-kleidung","11":"first","12":"instock","13":"taxable","14":"shipping-taxable","15":"purchasable","16":"product-type-variable"},"acf":[],"_links":{"self":[{"href":"https:\/\/www.berndhackl.de\/shop\/wp-json\/wp\/v2\/product\/23542","targetHints":{"allow":["GET"]}}],"collection":[{"href":"https:\/\/www.berndhackl.de\/shop\/wp-json\/wp\/v2\/product"}],"about":[{"href":"https:\/\/www.berndhackl.de\/shop\/wp-json\/wp\/v2\/types\/product"}],"wp:featuredmedia":[{"embeddable":true,"href":"https:\/\/www.berndhackl.de\/shop\/wp-json\/wp\/v2\/media\/23576"}],"wp:attachment":[{"href":"https:\/\/www.berndhackl.de\/shop\/wp-json\/wp\/v2\/media?parent=23542"}],"wp:term":[{"taxonomy":"product_brand","embeddable":true,"href":"https:\/\/www.berndhackl.de\/shop\/wp-json\/wp\/v2\/product_brand?post=23542"},{"taxonomy":"product_cat","embeddable":true,"href":"https:\/\/www.berndhackl.de\/shop\/wp-json\/wp\/v2\/product_cat?post=23542"},{"taxonomy":"product_tag","embeddable":true,"href":"https:\/\/www.berndhackl.de\/shop\/wp-json\/wp\/v2\/product_tag?post=23542"}],"curies":[{"name":"wp","href":"https:\/\/api.w.org\/{rel}","templated":true}]}}