{"id":225,"date":"2020-09-12T09:50:54","date_gmt":"2020-09-12T07:50:54","guid":{"rendered":"http:\/\/shop2020.berndhackl.de\/produkt\/import-placeholder-for-533\/"},"modified":"2024-11-05T10:04:20","modified_gmt":"2024-11-05T09:04:20","slug":"gladiatorplus-hund-1-000ml","status":"publish","type":"product","link":"https:\/\/www.berndhackl.de\/shop\/produkt\/gladiatorplus-hund-1-000ml\/","title":{"rendered":"GladiatorPLUS Hund 1.000ml"},"content":{"rendered":"<p>GladiatorPLUS ist ein hoch bioverf\u00fcgbares Futtererg\u00e4nzungsmittel in fl\u00fcssiger Form.<\/p>\n<p>Die GladiatorPLUS Milieuf\u00fctterung Hund<\/p>\n<p>Die GladiatorPLUS Milieuf\u00fctterung ist ein besonders bioverf\u00fcgbares Erg\u00e4nzungsfuttermittel f\u00fcr Hunde in fl\u00fcssiger Form.<\/p>\n<p>&nbsp;<\/p>\n<p>* \u00dcber 35 Jahre Forschung und eine bis ins Detail durchdachte Rezeptur<\/p>\n<p>* Sechs ausgew\u00e4hlte Naturstoffe, abgestimmt auf die gesundheitswichtigen Organe<\/p>\n<p>* Ein patentiertes Herstellungsverfahren, das den Unterschied macht<\/p>\n<p>* Besondere Bioverf\u00fcgbarkeit in fl\u00fcssiger Form \u2013 damit die Inhaltsstoffe vom<\/p>\n<p>K\u00f6rper gut aufgenommen werden k\u00f6nnen<\/p>\n<p>* Enge Zusammenarbeit mit Tier\u00e4rzten, Tierheilpraktikern und F\u00fctterungsexperten<\/p>\n<p>&nbsp;<\/p>\n<p>Die GladiatorPLUS Milieuf\u00fctterung \u2013 die intelligente Kraftquelle<\/p>\n<p>Das Multitalent unter den Zusatzfuttermitteln<\/p>\n<p>Der K\u00f6rper Ihres Hundes ist genial.<\/p>\n<p>In einem komplexen Zusammenspiel arbeitet er jeden Tag daran, sich selbst gesund und leistungsf\u00e4hig zu erhalten. Das kann er besser als jedes Medikament \u2013 wenn er vital und unbelastet ist. Doch allt\u00e4gliche Belastungen von au\u00dfen k\u00f6nnen die N\u00e4hrstoffversorgung und die k\u00f6rpereigene Gesunderhaltung beeinflussen.<\/p>\n<p>GladiatorPLUS versteht den K\u00f6rper des Hundes.<\/p>\n<p>Die GladiatorPLUS Milieuf\u00fctterung ist ein durchdachtes F\u00fctterungswerkzeug \u2013 alle Inhaltsstoffe sind darauf ausgerichtet, den besonderen Stoffwechselbedarf, die gesundheitswichtigen Organe des K\u00f6rpers und das Immunsystem ern\u00e4hrungsphysiologisch effektiv zu unterst\u00fctzen. Damit der Organismus die Kraft hat, das zu tun, was er am besten kann: Ihren Hund kerngesund, vital und zufrieden zu erhalten.<\/p>\n<p><strong>Intelligente F\u00fctterung ist immer auch Hilfe zur Selbsthilfe<\/strong><em>\u00a0<\/em><\/p>\n<p>Dauerhafte Gesundheit entsteht nicht zuf\u00e4llig, sie ist das Ergebnis einer hundegerechten Haltung, und individuellen F\u00fctterung. GladiatorPLUS hat mit der Milieuf\u00fctterung ein besondere Futtererg\u00e4nzung entwickelt. Das Wissenskonzept begr\u00fcndet sich auf langj\u00e4hrigen Beobachtungen und der wissenschaftlichen Erkenntnis, dass das K\u00f6rpermilieu Einfluss auf s\u00e4mtliche Organe und Prozesse des Organismus hat. Die Idee der Milieuf\u00fctterung ist es, hier einen wertvollen Teil als Futtererg\u00e4nzung beizutragen, um sinnvolle und normale Bedingungen zu erhalten. .<\/p>\n<p><em>GladiatorPLUS gibt sein Bestes \u2013 damit der K\u00f6rper das auch kann<\/em><\/p>\n<p>Mehr als 35 Jahre Forschungsarbeit und bestes Naturwissen stehen hinter der heutigen Rezeptur der GladiatorPLUS Milieuf\u00fctterung. Wichtigstes Ziel war es, ein Zusatzfutter zu kreieren, das eng mit dem K\u00f6rper des Hundes zusammenarbeitet. GladiatorPLUS enth\u00e4lt nat\u00fcrliche Stoffe von h\u00f6chster Qualit\u00e4t. Die Zusammensetzung ist bis ins Detail durchdacht und das Dosierungsverh\u00e4ltnis der besonders aufbereiteten Inhaltsstoffe pr\u00e4zise abgestimmt. Die GladiatorPLUS Milieuf\u00fctterung enth\u00e4lt nur, was auch wirklich Sinn macht.<\/p>\n<p>Bestes Naturwissen in einem Produkt<\/p>\n<p>Propolis, Ginseng, Kurkuma, Mariendistel, Kiesels\u00e4ure, Rote Bete, Heidelbeere und Artischocke \u2013 jeder einzelne Inhaltsstoff der GladiatorPLUS Milieuf\u00fctterung erf\u00fcllt wichtige ern\u00e4hrungsphysiologische Aufgaben in der Organpflege des K\u00f6rpers. Im Fokus stehen: K\u00f6rpermilieu, Darm und Leber.<\/p>\n<p><em>Ein patentiertes Spezialverfahren &#8211; damit jeder Stoff da ankommt, wo er ankommen soll<\/em><\/p>\n<p>Von einer besonderen Bioverf\u00fcgbarkeit spricht man, wenn Inhaltsstoffe direkt ins System gehen und dem K\u00f6rper zur Verf\u00fcgung stehen. Propolis, Mariendistel und Ginseng sind im \u201eRohzustand\u201c nahezu nicht wasserl\u00f6slich und bleiben darum in der F\u00fctterung oft ineffektiv. Dank des patentierten GladiatorPLUS Spezialverfahrens ist es m\u00f6glich, diese bew\u00e4hrten Naturstoffe wasserl\u00f6slich bereitzustellen.<\/p>\n<p>&nbsp;<\/p>\n<p>F\u00fctterungsempfehlung: Tagesmenge in ml = K\u00f6rpergewicht in kg x 0,5. Diese wird idealerweise auf zwei Gaben aufgeteilt. Beispiel: 20 kg Hund x 0,5 ml = 10 ml t\u00e4glich (oder 2 x t\u00e4glich 5 ml). GladiatorPLUS wird \u00fcber das Futter gegeben und sollte Ihrem Hund individuell nach Bedarf angepasst werden. Es ersetzt keinen Barfzusatz.<\/p>\n<p>Erg\u00e4nzungsfuttermittel f\u00fcr Hunde<\/p>\n<p>Zusammensetzung: Propolis Suspension (12%), Rote-Beete-Saft (entspricht 80g\/kg Rote Beete) , Artischocken-Saft (entspricht 80g\/kg Artischocke),\u00a0 Lecithin<\/p>\n<p>Zusatzstoffe: Sensorische Zusatzstoffe: Ginsengextrakt (10%), Mariendistelextrakt (12%), Heidelbeertinktur, Kurkuma-Wurzelextrakt, Technologische Zusatzstoffe: Bindemittel: Kiesels\u00e4ure (1,5%), Stabilisator: Gummi Arabicum<\/p>\n<p>Analytische Bestandteile: Rohasche: 2 %, Rohfett: 0,1 %, Rohprotein: 0,4 %, Rohfaser: 0,3 %, Feuchtigkeit: 78 %, Natrium: &lt; 0,1 %, Phosphor: &lt; 0,1 %, Calcium: 0,2 %, Zuckerfrei.<\/p>\n<p>Die GladiatorPLUS Milieuf\u00fctterung f\u00fcr Hunde ist in den Verpackungseinheiten 1.000 ml<\/p>\n","protected":false},"excerpt":{"rendered":"<p>GladiatorPLUS ist ein hoch bioverf\u00fcgbares Futtererg\u00e4nzungsmittel in fl\u00fcssiger Form. Die GladiatorPLUS Milieuf\u00fctterung Hund Die GladiatorPLUS Milieuf\u00fctterung ist ein besonders bioverf\u00fcgbares Erg\u00e4nzungsfuttermittel f\u00fcr Hunde in fl\u00fcssiger Form. &nbsp; * \u00dcber 35 Jahre Forschung und eine bis ins Detail durchdachte Rezeptur * Sechs ausgew\u00e4hlte Naturstoffe, abgestimmt auf die gesundheitswichtigen Organe * Ein patentiertes Herstellungsverfahren, das den Unterschied [&hellip;]<\/p>\n","protected":false},"featured_media":32902,"template":"","meta":{"_acf_changed":false,"inline_featured_image":false},"product_brand":[],"product_cat":[68,69,70],"product_tag":[],"class_list":{"0":"post-225","1":"product","2":"type-product","3":"status-publish","4":"has-post-thumbnail","6":"product_cat-hund","7":"product_cat-zusatzfutter-hund","8":"product_cat-gladiator-plus-zusatzfutter-hund","10":"first","11":"instock","12":"taxable","13":"shipping-taxable","14":"purchasable","15":"product-type-simple"},"acf":[],"_links":{"self":[{"href":"https:\/\/www.berndhackl.de\/shop\/wp-json\/wp\/v2\/product\/225","targetHints":{"allow":["GET"]}}],"collection":[{"href":"https:\/\/www.berndhackl.de\/shop\/wp-json\/wp\/v2\/product"}],"about":[{"href":"https:\/\/www.berndhackl.de\/shop\/wp-json\/wp\/v2\/types\/product"}],"wp:featuredmedia":[{"embeddable":true,"href":"https:\/\/www.berndhackl.de\/shop\/wp-json\/wp\/v2\/media\/32902"}],"wp:attachment":[{"href":"https:\/\/www.berndhackl.de\/shop\/wp-json\/wp\/v2\/media?parent=225"}],"wp:term":[{"taxonomy":"product_brand","embeddable":true,"href":"https:\/\/www.berndhackl.de\/shop\/wp-json\/wp\/v2\/product_brand?post=225"},{"taxonomy":"product_cat","embeddable":true,"href":"https:\/\/www.berndhackl.de\/shop\/wp-json\/wp\/v2\/product_cat?post=225"},{"taxonomy":"product_tag","embeddable":true,"href":"https:\/\/www.berndhackl.de\/shop\/wp-json\/wp\/v2\/product_tag?post=225"}],"curies":[{"name":"wp","href":"https:\/\/api.w.org\/{rel}","templated":true}]}}