{"id":206,"date":"2020-09-12T09:50:24","date_gmt":"2020-09-12T07:50:24","guid":{"rendered":"http:\/\/shop2020.berndhackl.de\/produkt\/import-placeholder-for-507\/"},"modified":"2026-03-17T10:48:48","modified_gmt":"2026-03-17T09:48:48","slug":"equi-pad","status":"publish","type":"product","link":"https:\/\/www.berndhackl.de\/shop\/produkt\/equi-pad\/","title":{"rendered":"Equi-Pad"},"content":{"rendered":"<p>Pad in den Ma\u00dfen 36 x 34 inch (ca. 91 x 86 cm), mit herausnehmbaren Einlagen<\/p>\n<p>Oberseite aus hochwertig gewebtem Blanket 100% New Zealand Wool von Mayatex, Unterseite flauschiges Synthetic Fleece.<\/p>\n<p>Innenmaterial aus schlagabsorbierendem Memory-Foam zur Optimierung der Gewichtsverteilung. Das Innenmaterial hat eine &#8222;verminderte R\u00fcckstellf\u00e4higkeit&#8220;. Unebenheiten zwischen Sattellage und Sattel werden dadurch besser ausgeglichen. Der Beinkanal im unteren Bereich des Pads erm\u00f6glicht einen besseren Kontakt zum Pferd.<\/p>\n<p>Farben:diverse Designs erh\u00e4ltlich (\u00fcber Varianten ausw\u00e4hlbar &#8211; die gew\u00e4hlte Variante erscheint als gro\u00dfes Bild in der Bilderansicht)<\/p>\n<p>Cowtown 1: Cremebeige \/ Braunt\u00f6ne<\/p>\n<p>Cowtown 2: Ocker \/ Braun-Schwarz T\u00f6ne<\/p>\n<p>Cowtown 4: Schwarz \/ Rot-Beige-Creme T\u00f6ne<\/p>\n<p>Cowtown 5: Beige \/ Gr\u00fcn-Braun T\u00f6ne<\/p>\n<p>Cowtown 6: Schwarz\/ Beige T\u00f6ne<\/p>\n<p>Firecracker 8: Blaut\u00f6ne \/ Rotbraun &#8211; Gelb<\/p>\n<p>Firecracker 1: Blau \/ Lila-Rot<\/p>\n<p>Firecracker 5: Blau \/ Gr\u00fcn-Gelb-Lila<\/p>\n","protected":false},"excerpt":{"rendered":"<p>Pad in den Ma\u00dfen 36 x 34 inch (ca. 91 x 86 cm), mit herausnehmbaren Einlagen Oberseite aus hochwertig gewebtem Blanket 100% New Zealand Wool von Mayatex, Unterseite flauschiges Synthetic Fleece. Innenmaterial aus schlagabsorbierendem Memory-Foam zur Optimierung der Gewichtsverteilung. Das Innenmaterial hat eine &#8222;verminderte R\u00fcckstellf\u00e4higkeit&#8220;. Unebenheiten zwischen Sattellage und Sattel werden dadurch besser ausgeglichen. Der [&hellip;]<\/p>\n","protected":false},"featured_media":3507,"template":"","meta":{"_acf_changed":false,"inline_featured_image":false},"product_brand":[],"product_cat":[31,66,193],"product_tag":[],"class_list":{"0":"post-206","1":"product","2":"type-product","3":"status-publish","4":"has-post-thumbnail","6":"product_cat-pferd","7":"product_cat-sattelzubehoer","8":"product_cat-equi-pad","10":"first","11":"instock","12":"taxable","13":"shipping-taxable","14":"purchasable","15":"product-type-variable"},"acf":[],"_links":{"self":[{"href":"https:\/\/www.berndhackl.de\/shop\/wp-json\/wp\/v2\/product\/206","targetHints":{"allow":["GET"]}}],"collection":[{"href":"https:\/\/www.berndhackl.de\/shop\/wp-json\/wp\/v2\/product"}],"about":[{"href":"https:\/\/www.berndhackl.de\/shop\/wp-json\/wp\/v2\/types\/product"}],"wp:featuredmedia":[{"embeddable":true,"href":"https:\/\/www.berndhackl.de\/shop\/wp-json\/wp\/v2\/media\/3507"}],"wp:attachment":[{"href":"https:\/\/www.berndhackl.de\/shop\/wp-json\/wp\/v2\/media?parent=206"}],"wp:term":[{"taxonomy":"product_brand","embeddable":true,"href":"https:\/\/www.berndhackl.de\/shop\/wp-json\/wp\/v2\/product_brand?post=206"},{"taxonomy":"product_cat","embeddable":true,"href":"https:\/\/www.berndhackl.de\/shop\/wp-json\/wp\/v2\/product_cat?post=206"},{"taxonomy":"product_tag","embeddable":true,"href":"https:\/\/www.berndhackl.de\/shop\/wp-json\/wp\/v2\/product_tag?post=206"}],"curies":[{"name":"wp","href":"https:\/\/api.w.org\/{rel}","templated":true}]}}