{"id":203,"date":"2020-09-12T09:50:24","date_gmt":"2020-09-12T07:50:24","guid":{"rendered":"http:\/\/shop2020.berndhackl.de\/produkt\/import-placeholder-for-500\/"},"modified":"2025-10-18T15:30:39","modified_gmt":"2025-10-18T13:30:39","slug":"eq7-gamma-integral","status":"publish","type":"product","link":"https:\/\/www.berndhackl.de\/shop\/produkt\/eq7-gamma-integral\/","title":{"rendered":"eQ7 gamma-integral"},"content":{"rendered":"<p><span style=\"font-size: 14pt;\"><strong>eQ7\u00a0 gamma-integral <\/strong><\/span><\/p>\n<p><span style=\"font-size: 14pt;\"><strong>(Amino, Mineral, Omega 3)<\/strong><\/span><\/p>\n<p><strong>Grundversorgung von der WASSERLINSE<\/strong><\/p>\n<p>OHNE ZUCKERZUSATZ<\/p>\n<p>OHNE F\u00dcLLSTOFFE (wie Melasse und Kleie)<\/p>\n<p>AUSGEWOGEN DOSIERT<\/p>\n<p>&nbsp;<\/p>\n<p><strong><span style=\"font-size: 14pt;\">eQ7 gamma-integral <\/span><\/strong>unterst\u00fctzt die nat\u00fcrliche Funktion von Immunsystem, Herz-Kreislauf,<\/p>\n<p>Stoffwechsel, Muskulatur und Gelenken und liefert wichtige essentielle Aminos\u00e4uren, Vitamine,<\/p>\n<p>Spurenelemente und Omega 3 Fetts\u00e4uren in ihrer nat\u00fcrlichsten Form. Erg\u00e4nzt mit sinnvoll gew\u00e4hlten<\/p>\n<p>Mineralstoffen ergibt sich eine umfassende Grundversorgung, ohne F\u00fcllstoffe.<\/p>\n<p><strong>\u00a0<\/strong><\/p>\n<p><span style=\"font-size: 14pt;\"><strong>Anwendung:<\/strong><\/span><\/p>\n<p>Am besten mit dem angefeuchteten\/eingeweichten Lieblingsfutter verabreichen (z.B. Heucobs).<\/p>\n<p>WICHTIG: Erst das Pulver in das Wasser r\u00fchren und dann \u00fcber das Futter gie\u00dfen.<\/p>\n<p>Bei Akzeptanzproblemen, anfangs nur die halbe Dosis zugeben.<\/p>\n<p>&nbsp;<\/p>\n<p><span style=\"font-size: 14pt;\"><strong>F\u00fctterungsempfehlung:<\/strong><\/span><\/p>\n<p><strong>8g pro 100kg K\u00f6rpergewicht t\u00e4glich <\/strong>(Gro\u00dfpferd 500kg: 2x 20g t\u00e4glich).<\/p>\n<p>Nach 8 Wochen F\u00fctterungsdauer 4 Wochen pausieren, oder die Dosis halbieren.<\/p>\n<p><strong>1 Messl\u00f6ffel entspricht 12g<\/strong><strong>.<\/strong><\/p>\n<p><strong>\u00a0<\/strong><\/p>\n<p><span style=\"font-size: 14pt;\"><strong>Zusammensetzung:<\/strong><\/span><\/p>\n<p>90,5% Wasserlinse<\/p>\n<p>Kupfer (E4) als Aminos\u00e4uren-Kupferchelat-Hydrat 1.500 mg, Mangan als Aminos\u00e4uren-Manganchelat-Hydrat (3b504) 3.000 mg, Zink als Aminos\u00e4uren-Zinkchelat-Hydrat (3b606) 8.000 mg, Selen in organischer Form aus Saccharomyces cerevisiae CNCM I-3060, (inaktivierte Selenhefe) (3b8.10) 20 mg, Jod als Calciumjodat wasserfrei (3b202) 20 mg, Kobalt als gecoatetes Kobalt-II-Carbonat-Granulat (3b304) 10 mg.<\/p>\n<p>&nbsp;<\/p>\n<p><span style=\"font-size: 14pt;\"><strong>Analytische Bestandteile:<\/strong><\/span><\/p>\n<p>Rohprotein 45,7 %, Rohfett 0,6 %, Rohasche 9,1 %, Rohfaser 0 %, Methionin 0,3 %, Lysin 5,4 %, Threonin 3,4 %, Phosphor 0,6 %, Kalzium 1,2 %, Natrium 0,1 %.<\/p>\n","protected":false},"excerpt":{"rendered":"<p>eQ7\u00a0 gamma-integral (Amino, Mineral, Omega 3) Grundversorgung von der WASSERLINSE OHNE ZUCKERZUSATZ OHNE F\u00dcLLSTOFFE (wie Melasse und Kleie) AUSGEWOGEN DOSIERT &nbsp; eQ7 gamma-integral unterst\u00fctzt die nat\u00fcrliche Funktion von Immunsystem, Herz-Kreislauf, Stoffwechsel, Muskulatur und Gelenken und liefert wichtige essentielle Aminos\u00e4uren, Vitamine, Spurenelemente und Omega 3 Fetts\u00e4uren in ihrer nat\u00fcrlichsten Form. Erg\u00e4nzt mit sinnvoll gew\u00e4hlten Mineralstoffen ergibt [&hellip;]<\/p>\n","protected":false},"featured_media":258,"template":"","meta":{"_acf_changed":false,"inline_featured_image":false},"product_brand":[],"product_cat":[64,65,31],"product_tag":[],"class_list":{"0":"post-203","1":"product","2":"type-product","3":"status-publish","4":"has-post-thumbnail","6":"product_cat-zusatzfutter","7":"product_cat-eq7","8":"product_cat-pferd","10":"first","11":"instock","12":"taxable","13":"shipping-taxable","14":"purchasable","15":"product-type-variable"},"acf":[],"_links":{"self":[{"href":"https:\/\/www.berndhackl.de\/shop\/wp-json\/wp\/v2\/product\/203","targetHints":{"allow":["GET"]}}],"collection":[{"href":"https:\/\/www.berndhackl.de\/shop\/wp-json\/wp\/v2\/product"}],"about":[{"href":"https:\/\/www.berndhackl.de\/shop\/wp-json\/wp\/v2\/types\/product"}],"wp:featuredmedia":[{"embeddable":true,"href":"https:\/\/www.berndhackl.de\/shop\/wp-json\/wp\/v2\/media\/258"}],"wp:attachment":[{"href":"https:\/\/www.berndhackl.de\/shop\/wp-json\/wp\/v2\/media?parent=203"}],"wp:term":[{"taxonomy":"product_brand","embeddable":true,"href":"https:\/\/www.berndhackl.de\/shop\/wp-json\/wp\/v2\/product_brand?post=203"},{"taxonomy":"product_cat","embeddable":true,"href":"https:\/\/www.berndhackl.de\/shop\/wp-json\/wp\/v2\/product_cat?post=203"},{"taxonomy":"product_tag","embeddable":true,"href":"https:\/\/www.berndhackl.de\/shop\/wp-json\/wp\/v2\/product_tag?post=203"}],"curies":[{"name":"wp","href":"https:\/\/api.w.org\/{rel}","templated":true}]}}