{"id":190,"date":"2020-09-12T09:50:00","date_gmt":"2020-09-12T07:50:00","guid":{"rendered":"http:\/\/shop2020.berndhackl.de\/produkt\/import-placeholder-for-494\/"},"modified":"2024-04-05T12:17:10","modified_gmt":"2024-04-05T10:17:10","slug":"eq7-alpha-premium","status":"publish","type":"product","link":"https:\/\/www.berndhackl.de\/shop\/produkt\/eq7-alpha-premium\/","title":{"rendered":"eQ7 alpha-premium"},"content":{"rendered":"<p><strong><span style=\"font-size: 14pt;\">eQ7 alpha-premium(Gelenke &amp; Muskeln)<\/span><br \/>\n<\/strong><\/p>\n<p>DOPINGFREI (nach FN-Liste)<\/p>\n<p>OHNE F\u00dcLLSTOFFE (wie Melasse und Kleie)<\/p>\n<p>AUSGEWOGEN DOSIERT<\/p>\n<p>&nbsp;<\/p>\n<p><span style=\"font-size: 14pt;\"><strong>eQ7 alpha-premium <\/strong><\/span>unterst\u00fctzt die nat\u00fcrliche Funktion von Gelenken, Sehnen, B\u00e4ndern, Knorpel, Muskeln und Immunsystem.<\/p>\n<p>Es liefert wichtige N\u00e4hrstoffe und Bausteine f\u00fcr den kompletten passiven Bewegungsapparat.<\/p>\n<p>Ideal auch bei h\u00e4ufiger Bewegung und intensivem Training.<\/p>\n<p>Gerade auch bei Beschwerden am Bewegungsapparat ist eine umfassende Versorgung mit Gelenksn\u00e4hrstoffen, hochwertigen Aminos\u00e4uren und Spurenelementen sehr wichtig!<\/p>\n<p><strong>\u00a0<\/strong><\/p>\n<p><span style=\"font-size: 14pt;\"><strong>Anwendung:<\/strong><\/span><\/p>\n<p>Am besten mit dem angefeuchteten\/eingeweichten Lieblingsfutter verabreichen (z.B. Heucobs).<\/p>\n<p>WICHTIG: Erst das Pulver in das Wasser r\u00fchren und dann \u00fcber das Futter gie\u00dfen.<\/p>\n<p>Bei Akzeptanzproblemen, anfangs nur die halbe Dosis zugeben.<\/p>\n<p>&nbsp;<\/p>\n<p><span style=\"font-size: 14pt;\"><strong>F\u00fctterungsempfehlung:<\/strong><\/span><\/p>\n<p>8g pro 100kg K\u00f6rpergewicht t\u00e4glich (Gro\u00dfpferd 500kg: 2x20g t\u00e4glich).<\/p>\n<p>Die F\u00fctterungsdauer sollte mindestens 8 Wochen betragen.<\/p>\n<p>Eine Daueranwendung ist problemlos m\u00f6glich und verbessert die Resultate.<\/p>\n<p><strong>1 Messl\u00f6ffel entspricht 15g<\/strong><\/p>\n<p><strong>\u00a0<\/strong><\/p>\n<p><span style=\"font-size: 14pt;\"><strong>Zusammensetzung:<\/strong><\/span><\/p>\n<p>Kollagen Hydrolysat, Hagebutte, Glucosamin HCL (vegan), Gr\u00fcnlippmuschel, Chondroitinsulfat, Hyalurons\u00e4ure (vegan)<\/p>\n<p>Zusatzstoffe: DL-Methionin 0,5%, Aromastoffe 0,1%<\/p>\n<p>&nbsp;<\/p>\n<p><span style=\"font-size: 14pt;\"><strong>Analytische Bestandteile:<\/strong><\/span><\/p>\n<p>Rohprotein 45%, Rohfaser 4%, Rohfett 1%, Rohasche 1,3%, Methionin 0,5%<\/p>\n<p>&nbsp;<\/p>\n","protected":false},"excerpt":{"rendered":"<p>eQ7 alpha-premium(Gelenke &amp; Muskeln) DOPINGFREI (nach FN-Liste) OHNE F\u00dcLLSTOFFE (wie Melasse und Kleie) AUSGEWOGEN DOSIERT &nbsp; eQ7 alpha-premium unterst\u00fctzt die nat\u00fcrliche Funktion von Gelenken, Sehnen, B\u00e4ndern, Knorpel, Muskeln und Immunsystem. Es liefert wichtige N\u00e4hrstoffe und Bausteine f\u00fcr den kompletten passiven Bewegungsapparat. Ideal auch bei h\u00e4ufiger Bewegung und intensivem Training. Gerade auch bei Beschwerden am Bewegungsapparat [&hellip;]<\/p>\n","protected":false},"featured_media":232,"template":"","meta":{"_acf_changed":false,"inline_featured_image":false},"product_brand":[],"product_cat":[31,64,65],"product_tag":[],"class_list":{"0":"post-190","1":"product","2":"type-product","3":"status-publish","4":"has-post-thumbnail","6":"product_cat-pferd","7":"product_cat-zusatzfutter","8":"product_cat-eq7","10":"first","11":"instock","12":"taxable","13":"shipping-taxable","14":"purchasable","15":"product-type-variable"},"acf":[],"_links":{"self":[{"href":"https:\/\/www.berndhackl.de\/shop\/wp-json\/wp\/v2\/product\/190","targetHints":{"allow":["GET"]}}],"collection":[{"href":"https:\/\/www.berndhackl.de\/shop\/wp-json\/wp\/v2\/product"}],"about":[{"href":"https:\/\/www.berndhackl.de\/shop\/wp-json\/wp\/v2\/types\/product"}],"wp:featuredmedia":[{"embeddable":true,"href":"https:\/\/www.berndhackl.de\/shop\/wp-json\/wp\/v2\/media\/232"}],"wp:attachment":[{"href":"https:\/\/www.berndhackl.de\/shop\/wp-json\/wp\/v2\/media?parent=190"}],"wp:term":[{"taxonomy":"product_brand","embeddable":true,"href":"https:\/\/www.berndhackl.de\/shop\/wp-json\/wp\/v2\/product_brand?post=190"},{"taxonomy":"product_cat","embeddable":true,"href":"https:\/\/www.berndhackl.de\/shop\/wp-json\/wp\/v2\/product_cat?post=190"},{"taxonomy":"product_tag","embeddable":true,"href":"https:\/\/www.berndhackl.de\/shop\/wp-json\/wp\/v2\/product_tag?post=190"}],"curies":[{"name":"wp","href":"https:\/\/api.w.org\/{rel}","templated":true}]}}