{"id":19,"date":"2020-09-10T09:11:35","date_gmt":"2020-09-10T07:11:35","guid":{"rendered":"http:\/\/shop2020.berndhackl.de\/widerrufsbelehrung\/"},"modified":"2020-09-21T12:36:35","modified_gmt":"2020-09-21T10:36:35","slug":"widerrufsbelehrung","status":"publish","type":"page","link":"https:\/\/www.berndhackl.de\/shop\/widerrufsbelehrung\/","title":{"rendered":"Widerrufsbelehrung"},"content":{"rendered":"\t\t<div data-elementor-type=\"wp-page\" data-elementor-id=\"19\" class=\"elementor elementor-19\" data-elementor-post-type=\"page\">\n\t\t\t\t\t\t<section class=\"elementor-section elementor-top-section elementor-element elementor-element-2733aa53 elementor-section-boxed elementor-section-height-default elementor-section-height-default\" data-id=\"2733aa53\" data-element_type=\"section\" data-e-type=\"section\">\n\t\t\t\t\t\t<div class=\"elementor-container elementor-column-gap-default\">\n\t\t\t\t\t<div class=\"elementor-column elementor-col-100 elementor-top-column elementor-element elementor-element-17c82031\" data-id=\"17c82031\" data-element_type=\"column\" data-e-type=\"column\">\n\t\t\t<div class=\"elementor-widget-wrap elementor-element-populated\">\n\t\t\t\t\t\t<div class=\"elementor-element elementor-element-4d7c471 elementor-widget elementor-widget-text-editor\" data-id=\"4d7c471\" data-element_type=\"widget\" data-e-type=\"widget\" data-widget_type=\"text-editor.default\">\n\t\t\t\t<div class=\"elementor-widget-container\">\n\t\t\t\t\t\t\t\t\t<div class=\"elementor-element elementor-element-de217c1 elementor-widget elementor-widget-heading\" data-id=\"de217c1\" data-element_type=\"widget\" data-widget_type=\"heading.default\"><div class=\"elementor-widget-container\"><h1 class=\"elementor-heading-title elementor-size-large\">Widerrufsrecht<\/h1><\/div><\/div><div class=\"elementor-element elementor-element-7af1ee3 elementor-widget elementor-widget-text-editor\" data-id=\"7af1ee3\" data-element_type=\"widget\" data-widget_type=\"text-editor.default\"><div class=\"elementor-widget-container\"><div class=\"elementor-text-editor elementor-clearfix\"><p>Sie k\u00f6nnen Ihre Vertragserkl\u00e4rung ohne Angabe von Gr\u00fcnden innerhalb von 14 Tagen gerechnet ab Vertragsannahme des Kaufs in Textform, also zum Beispiel per Brief oder E-Mail oder durch R\u00fccksendung der Ware widerrufen. Die Widerrufsfrist beginnt fr\u00fchestens am Tag nach Ihrer Vertragsannahme vorausgesetzt, dass Sie zu diesem Zeitpunkt die Ware und diese Belehrung erhalten haben und ich meinen Informationspflichten gem\u00e4\u00df Artikel 246 \u00a7 2 i.V.m. \u00a7 1 Abs. 1 und 2 EGBGB sowie meinen Pflichten gem. \u00a7 312g Abs. 1 S.1 BGB i.V.m Art. 246 \u00a7 3 EGBGB erf\u00fcllt habe. Zur Wahrung der Widerrufsfrist gen\u00fcgt die rechtzeitige Absendung des Widerrufs oder der Ware.<\/p><\/div><\/div><\/div><div class=\"elementor-element elementor-element-91aafde elementor-widget elementor-widget-heading\" data-id=\"91aafde\" data-element_type=\"widget\" data-widget_type=\"heading.default\"><div class=\"elementor-widget-container\"><h2 class=\"elementor-heading-title elementor-size-medium\">Der Widerruf ist zu richten an:<\/h2><\/div><\/div><div class=\"elementor-element elementor-element-b8b52a6 elementor-widget elementor-widget-text-editor\" data-id=\"b8b52a6\" data-element_type=\"widget\" data-widget_type=\"text-editor.default\"><div class=\"elementor-widget-container\"><div class=\"elementor-text-editor elementor-clearfix\"><p>7P-HORSES GmbH &amp; Co. KG<br \/>Bruckm\u00fchl 1<br \/>93185 Michelsneukirchen<\/p><\/div><\/div><\/div><div class=\"elementor-element elementor-element-58d32bb elementor-widget elementor-widget-heading\" data-id=\"58d32bb\" data-element_type=\"widget\" data-widget_type=\"heading.default\"><div class=\"elementor-widget-container\"><h2 class=\"elementor-heading-title elementor-size-medium\">Die R\u00fccksendung der Ware ist zu richten an:<\/h2><\/div><\/div><div class=\"elementor-element elementor-element-28696ab elementor-widget elementor-widget-text-editor\" data-id=\"28696ab\" data-element_type=\"widget\" data-widget_type=\"text-editor.default\"><div class=\"elementor-widget-container\"><div class=\"elementor-text-editor elementor-clearfix\"><p>7P-HORSES GmbH &amp; Co. KG<br \/>7P-Ranch<br \/>Bruckm\u00fchl 1<br \/>93185 Michelsneukirchen<\/p><\/div><\/div><\/div><div class=\"elementor-element elementor-element-90909d6 elementor-widget elementor-widget-heading\" data-id=\"90909d6\" data-element_type=\"widget\" data-widget_type=\"heading.default\"><div class=\"elementor-widget-container\"><h2 class=\"elementor-heading-title elementor-size-medium\">Widerrufsfolgen<\/h2><\/div><\/div><div class=\"elementor-element elementor-element-d74d097 elementor-widget elementor-widget-text-editor\" data-id=\"d74d097\" data-element_type=\"widget\" data-widget_type=\"text-editor.default\"><div class=\"elementor-widget-container\"><div class=\"elementor-text-editor elementor-clearfix\"><p>Im Falle eines wirksamen Widerrufs sind die beiderseits empfangenen Leistungen zur\u00fcckzugew\u00e4hren und gegebenenfalls Wertersatz f\u00fcr genossene Vorteile (z. B. durch den Gebrauch der Ware) zu leisten. Sie erhalten also bereits an mich geleistete Zahlungen nebst etwaiger gezahlter Zinsen zur\u00fcck; ich erhalte die an Sie gelieferte Ware zur\u00fcck. K\u00f6nnen Sie mir die empfangene Ware ganz oder teilweise nicht oder nur in verschlechtertem Zustand zur\u00fcckgeben, m\u00fcssen Sie mir insoweit gegebenenfalls Wertersatz leisten. Dies gilt nicht, wenn die Verschlechterung der Ware ausschlie\u00dflich auf deren Pr\u00fcfung und Anprobe zur\u00fcckzuf\u00fchren ist. Im \u00dcbrigen k\u00f6nnen Sie die Wertersatzpflicht vermeiden, in dem Sie die Ware nicht wie Ihr Eigentum in Gebrauch nehmen und alles unterlassen, was deren Wert beeintr\u00e4chtigt.<\/p><\/div><\/div><\/div><div class=\"elementor-element elementor-element-f1368a2 elementor-widget elementor-widget-heading\" data-id=\"f1368a2\" data-element_type=\"widget\" data-widget_type=\"heading.default\"><div class=\"elementor-widget-container\"><h2 class=\"elementor-heading-title elementor-size-medium\">Wichtig:<\/h2><\/div><\/div><div class=\"elementor-element elementor-element-4c9e740 elementor-widget elementor-widget-text-editor\" data-id=\"4c9e740\" data-element_type=\"widget\" data-widget_type=\"text-editor.default\"><div class=\"elementor-widget-container\"><div class=\"elementor-text-editor elementor-clearfix\"><p>Paketversandf\u00e4hige Sachen sind auf ihre Gefahr zur\u00fcckzusenden. Sie haben die regelm\u00e4\u00dfigen Kosten der R\u00fccksendung zu tragen. Verpflichtungen zur Erstattung von Zahlungen m\u00fcssen innerhalb von 30 Tagen erf\u00fcllt werden. Die Frist beginnt f\u00fcr Sie mit der Absendung Ihrer Widerrufserkl\u00e4rung oder der Ware, f\u00fcr mich mit deren Empfang.<br \/>Ende der Widerrufsbelehrung<br \/>Ware, die eine individuelle Widmung enth\u00e4lt, ist vom Widerruf ausgeschlossen.<\/p><\/div><\/div><\/div>\t\t\t\t\t\t\t\t<\/div>\n\t\t\t\t<\/div>\n\t\t\t\t\t<\/div>\n\t\t<\/div>\n\t\t\t\t\t<\/div>\n\t\t<\/section>\n\t\t\t\t<\/div>\n\t\t","protected":false},"excerpt":{"rendered":"<p>Widerrufsrecht Sie k\u00f6nnen Ihre Vertragserkl\u00e4rung ohne Angabe von Gr\u00fcnden innerhalb von 14 Tagen gerechnet ab Vertragsannahme des Kaufs in Textform, also zum Beispiel per Brief oder E-Mail oder durch R\u00fccksendung der Ware widerrufen. Die Widerrufsfrist beginnt fr\u00fchestens am Tag nach Ihrer Vertragsannahme vorausgesetzt, dass Sie zu diesem Zeitpunkt die Ware und diese Belehrung erhalten haben [&hellip;]<\/p>\n","protected":false},"author":3,"featured_media":0,"parent":0,"menu_order":0,"comment_status":"closed","ping_status":"closed","template":"","meta":{"_acf_changed":false,"inline_featured_image":false,"footnotes":""},"class_list":["post-19","page","type-page","status-publish","hentry"],"acf":[],"_links":{"self":[{"href":"https:\/\/www.berndhackl.de\/shop\/wp-json\/wp\/v2\/pages\/19","targetHints":{"allow":["GET"]}}],"collection":[{"href":"https:\/\/www.berndhackl.de\/shop\/wp-json\/wp\/v2\/pages"}],"about":[{"href":"https:\/\/www.berndhackl.de\/shop\/wp-json\/wp\/v2\/types\/page"}],"author":[{"embeddable":true,"href":"https:\/\/www.berndhackl.de\/shop\/wp-json\/wp\/v2\/users\/3"}],"replies":[{"embeddable":true,"href":"https:\/\/www.berndhackl.de\/shop\/wp-json\/wp\/v2\/comments?post=19"}],"version-history":[{"count":4,"href":"https:\/\/www.berndhackl.de\/shop\/wp-json\/wp\/v2\/pages\/19\/revisions"}],"predecessor-version":[{"id":2421,"href":"https:\/\/www.berndhackl.de\/shop\/wp-json\/wp\/v2\/pages\/19\/revisions\/2421"}],"wp:attachment":[{"href":"https:\/\/www.berndhackl.de\/shop\/wp-json\/wp\/v2\/media?parent=19"}],"curies":[{"name":"wp","href":"https:\/\/api.w.org\/{rel}","templated":true}]}}